{"id":21,"date":"2022-12-03T12:25:27","date_gmt":"2022-12-03T11:25:27","guid":{"rendered":"https:\/\/vogelgesang.saarland\/wordpress\/2023\/?page_id=21"},"modified":"2025-07-14T23:59:27","modified_gmt":"2025-07-14T21:59:27","slug":"satanlagen","status":"publish","type":"page","link":"https:\/\/vogelgesang.saarland\/wordpress\/2023\/satanlagen\/","title":{"rendered":"Satanlagen"},"content":{"rendered":"\n<h1 class=\"wp-block-heading has-background has-medium-font-size\" style=\"background-color:#fcd702\">Satanlagen<\/h1>\n\n\n\n<p>Wind, Wasser, Hitze und K\u00e4lte. All das bekommt Satanlagen nicht immer gut. Wir sorgen daf\u00fcr, dass Sie wieder klaren Empfang haben.<\/p>\n\n\n\n<p>Neben der Reparatur vorhandener Satanlagen planen und errichten wir nat\u00fcrlich auch eine neue Anlage. Durch einen Vor-Ort-Termin schauen wir nach dem besten Standort. Dach, Hauswand, Garage oder Balkon, am optimalen Platz wird montiert.<\/p>\n\n\n<div class=\"wp-block-image\">\n<figure class=\"aligncenter size-large is-resized\"><img loading=\"lazy\" decoding=\"async\" width=\"1024\" height=\"683\" src=\"https:\/\/vogelgesang.saarland\/wordpress\/2023\/wp-content\/uploads\/2023\/02\/Navi_Sat-1024x683.jpg\" alt=\"Satanlagen vogelgesang.saarland\" class=\"wp-image-136\" style=\"width:768px;height:512px\" srcset=\"https:\/\/vogelgesang.saarland\/wordpress\/2023\/wp-content\/uploads\/2023\/02\/Navi_Sat-1024x683.jpg 1024w, https:\/\/vogelgesang.saarland\/wordpress\/2023\/wp-content\/uploads\/2023\/02\/Navi_Sat-300x200.jpg 300w, https:\/\/vogelgesang.saarland\/wordpress\/2023\/wp-content\/uploads\/2023\/02\/Navi_Sat-768x512.jpg 768w, https:\/\/vogelgesang.saarland\/wordpress\/2023\/wp-content\/uploads\/2023\/02\/Navi_Sat-1536x1024.jpg 1536w, https:\/\/vogelgesang.saarland\/wordpress\/2023\/wp-content\/uploads\/2023\/02\/Navi_Sat.jpg 1920w\" sizes=\"auto, (max-width: 1024px) 100vw, 1024px\" \/><\/figure>\n<\/div>\n\n\n<p>Neben <a href=\"https:\/\/vogelgesang.saarland\/wordpress\/2023\/unterhaltungselektronik\/\">TV-Ger\u00e4ten<\/a> mit eingebautem Sat-Empf\u00e4nger verkaufen wir auch externe Sat-Receiver, wahlweise mit Festplatte zur Aufnahme Ihres Lieblingsprogramms.<\/p>\n\n\n\n<p>Auch f\u00fcr italienisch oder franz\u00f6sisch sprechende Kunden k\u00f6nnen wir Empfangsger\u00e4te liefern.<\/p>\n","protected":false},"excerpt":{"rendered":"<p>Satanlagen Wind, Wasser, Hitze und K\u00e4lte. All das bekommt Satanlagen nicht immer gut. Wir sorgen daf\u00fcr, dass Sie wieder klaren Empfang haben. Neben der Reparatur vorhandener Satanlagen planen und errichten wir nat\u00fcrlich auch eine neue Anlage. Durch einen Vor-Ort-Termin schauen wir nach dem besten Standort. Dach, Hauswand, Garage oder Balkon, am optimalen Platz wird montiert. &#8230; <a title=\"Satanlagen\" class=\"read-more\" href=\"https:\/\/vogelgesang.saarland\/wordpress\/2023\/satanlagen\/\" aria-label=\"Mehr Informationen \u00fcber Satanlagen\">Weiterlesen &#8230;<\/a><\/p>\n","protected":false},"author":1,"featured_media":0,"parent":0,"menu_order":20,"comment_status":"closed","ping_status":"closed","template":"","meta":{"generate_page_header":"","footnotes":""},"class_list":["post-21","page","type-page","status-publish"],"yoast_head":"<!-- This site is optimized with the Yoast SEO plugin v27.5 - https:\/\/yoast.com\/product\/yoast-seo-wordpress\/ -->\n<title>Satanlagen - Vogelgesang.saarland<\/title>\n<meta name=\"description\" content=\"Satanlagen werden von uns gebaut und repariert. Nach der Planung vor Ort erfolgt die Montage, nach einem Sturm oder Gewitter die Reparatur.\" \/>\n<meta name=\"robots\" content=\"index, follow, max-snippet:-1, max-image-preview:large, max-video-preview:-1\" \/>\n<link rel=\"canonical\" href=\"https:\/\/vogelgesang.saarland\/wordpress\/2023\/satanlagen\/\" \/>\n<meta property=\"og:locale\" content=\"de_DE\" \/>\n<meta property=\"og:type\" content=\"article\" \/>\n<meta property=\"og:title\" content=\"Satanlagen - Vogelgesang.saarland\" \/>\n<meta property=\"og:description\" content=\"Satanlagen werden von uns gebaut und repariert. Nach der Planung vor Ort erfolgt die Montage, nach einem Sturm oder Gewitter die Reparatur.\" \/>\n<meta property=\"og:url\" content=\"https:\/\/vogelgesang.saarland\/wordpress\/2023\/satanlagen\/\" \/>\n<meta property=\"og:site_name\" content=\"Vogelgesang\" \/>\n<meta property=\"article:publisher\" content=\"https:\/\/www.facebook.com\/vogelgesang.tv\" \/>\n<meta property=\"article:modified_time\" content=\"2025-07-14T21:59:27+00:00\" \/>\n<meta property=\"og:image\" content=\"https:\/\/vogelgesang.saarland\/wordpress\/2023\/wp-content\/uploads\/2023\/02\/Navi_Sat.jpg\" \/>\n\t<meta property=\"og:image:width\" content=\"1920\" \/>\n\t<meta property=\"og:image:height\" content=\"1280\" \/>\n\t<meta property=\"og:image:type\" content=\"image\/jpeg\" \/>\n<meta name=\"twitter:card\" content=\"summary_large_image\" \/>\n<meta name=\"twitter:label1\" content=\"Gesch\u00e4tzte Lesezeit\" \/>\n\t<meta name=\"twitter:data1\" content=\"1\u00a0Minute\" \/>\n<script type=\"application\/ld+json\" class=\"yoast-schema-graph\">{\"@context\":\"https:\\\/\\\/schema.org\",\"@graph\":[{\"@type\":\"WebPage\",\"@id\":\"https:\\\/\\\/vogelgesang.saarland\\\/wordpress\\\/2023\\\/satanlagen\\\/\",\"url\":\"https:\\\/\\\/vogelgesang.saarland\\\/wordpress\\\/2023\\\/satanlagen\\\/\",\"name\":\"Satanlagen - Vogelgesang.saarland\",\"isPartOf\":{\"@id\":\"https:\\\/\\\/vogelgesang.saarland\\\/wordpress\\\/2023\\\/#website\"},\"primaryImageOfPage\":{\"@id\":\"https:\\\/\\\/vogelgesang.saarland\\\/wordpress\\\/2023\\\/satanlagen\\\/#primaryimage\"},\"image\":{\"@id\":\"https:\\\/\\\/vogelgesang.saarland\\\/wordpress\\\/2023\\\/satanlagen\\\/#primaryimage\"},\"thumbnailUrl\":\"https:\\\/\\\/vogelgesang.saarland\\\/wordpress\\\/2023\\\/wp-content\\\/uploads\\\/2023\\\/02\\\/Navi_Sat-1024x683.jpg\",\"datePublished\":\"2022-12-03T11:25:27+00:00\",\"dateModified\":\"2025-07-14T21:59:27+00:00\",\"description\":\"Satanlagen werden von uns gebaut und repariert. Nach der Planung vor Ort erfolgt die Montage, nach einem Sturm oder Gewitter die Reparatur.\",\"breadcrumb\":{\"@id\":\"https:\\\/\\\/vogelgesang.saarland\\\/wordpress\\\/2023\\\/satanlagen\\\/#breadcrumb\"},\"inLanguage\":\"de\",\"potentialAction\":[{\"@type\":\"ReadAction\",\"target\":[\"https:\\\/\\\/vogelgesang.saarland\\\/wordpress\\\/2023\\\/satanlagen\\\/\"]}]},{\"@type\":\"ImageObject\",\"inLanguage\":\"de\",\"@id\":\"https:\\\/\\\/vogelgesang.saarland\\\/wordpress\\\/2023\\\/satanlagen\\\/#primaryimage\",\"url\":\"https:\\\/\\\/vogelgesang.saarland\\\/wordpress\\\/2023\\\/wp-content\\\/uploads\\\/2023\\\/02\\\/Navi_Sat.jpg\",\"contentUrl\":\"https:\\\/\\\/vogelgesang.saarland\\\/wordpress\\\/2023\\\/wp-content\\\/uploads\\\/2023\\\/02\\\/Navi_Sat.jpg\",\"width\":1920,\"height\":1280},{\"@type\":\"BreadcrumbList\",\"@id\":\"https:\\\/\\\/vogelgesang.saarland\\\/wordpress\\\/2023\\\/satanlagen\\\/#breadcrumb\",\"itemListElement\":[{\"@type\":\"ListItem\",\"position\":1,\"name\":\"Startseite\",\"item\":\"https:\\\/\\\/vogelgesang.saarland\\\/wordpress\\\/2023\\\/\"},{\"@type\":\"ListItem\",\"position\":2,\"name\":\"Satanlagen\"}]},{\"@type\":\"WebSite\",\"@id\":\"https:\\\/\\\/vogelgesang.saarland\\\/wordpress\\\/2023\\\/#website\",\"url\":\"https:\\\/\\\/vogelgesang.saarland\\\/wordpress\\\/2023\\\/\",\"name\":\"Vogelgesang\",\"description\":\"Ihr Spezialist f\u00fcr TV, Sat und Hausger\u00e4te\",\"publisher\":{\"@id\":\"https:\\\/\\\/vogelgesang.saarland\\\/wordpress\\\/2023\\\/#organization\"},\"potentialAction\":[{\"@type\":\"SearchAction\",\"target\":{\"@type\":\"EntryPoint\",\"urlTemplate\":\"https:\\\/\\\/vogelgesang.saarland\\\/wordpress\\\/2023\\\/?s={search_term_string}\"},\"query-input\":{\"@type\":\"PropertyValueSpecification\",\"valueRequired\":true,\"valueName\":\"search_term_string\"}}],\"inLanguage\":\"de\"},{\"@type\":\"Organization\",\"@id\":\"https:\\\/\\\/vogelgesang.saarland\\\/wordpress\\\/2023\\\/#organization\",\"name\":\"Vogelgesang\",\"url\":\"https:\\\/\\\/vogelgesang.saarland\\\/wordpress\\\/2023\\\/\",\"logo\":{\"@type\":\"ImageObject\",\"inLanguage\":\"de\",\"@id\":\"https:\\\/\\\/vogelgesang.saarland\\\/wordpress\\\/2023\\\/#\\\/schema\\\/logo\\\/image\\\/\",\"url\":\"https:\\\/\\\/vogelgesang.saarland\\\/wordpress\\\/2023\\\/wp-content\\\/uploads\\\/2022\\\/12\\\/Web_kopf_4.jpg\",\"contentUrl\":\"https:\\\/\\\/vogelgesang.saarland\\\/wordpress\\\/2023\\\/wp-content\\\/uploads\\\/2022\\\/12\\\/Web_kopf_4.jpg\",\"width\":1600,\"height\":255,\"caption\":\"Vogelgesang\"},\"image\":{\"@id\":\"https:\\\/\\\/vogelgesang.saarland\\\/wordpress\\\/2023\\\/#\\\/schema\\\/logo\\\/image\\\/\"},\"sameAs\":[\"https:\\\/\\\/www.facebook.com\\\/vogelgesang.tv\",\"https:\\\/\\\/www.instagram.com\\\/vogelgesang.tv\"]}]}<\/script>\n<!-- \/ Yoast SEO plugin. -->","yoast_head_json":{"title":"Satanlagen - Vogelgesang.saarland","description":"Satanlagen werden von uns gebaut und repariert. Nach der Planung vor Ort erfolgt die Montage, nach einem Sturm oder Gewitter die Reparatur.","robots":{"index":"index","follow":"follow","max-snippet":"max-snippet:-1","max-image-preview":"max-image-preview:large","max-video-preview":"max-video-preview:-1"},"canonical":"https:\/\/vogelgesang.saarland\/wordpress\/2023\/satanlagen\/","og_locale":"de_DE","og_type":"article","og_title":"Satanlagen - Vogelgesang.saarland","og_description":"Satanlagen werden von uns gebaut und repariert. Nach der Planung vor Ort erfolgt die Montage, nach einem Sturm oder Gewitter die Reparatur.","og_url":"https:\/\/vogelgesang.saarland\/wordpress\/2023\/satanlagen\/","og_site_name":"Vogelgesang","article_publisher":"https:\/\/www.facebook.com\/vogelgesang.tv","article_modified_time":"2025-07-14T21:59:27+00:00","og_image":[{"width":1920,"height":1280,"url":"https:\/\/vogelgesang.saarland\/wordpress\/2023\/wp-content\/uploads\/2023\/02\/Navi_Sat.jpg","type":"image\/jpeg"}],"twitter_card":"summary_large_image","twitter_misc":{"Gesch\u00e4tzte Lesezeit":"1\u00a0Minute"},"schema":{"@context":"https:\/\/schema.org","@graph":[{"@type":"WebPage","@id":"https:\/\/vogelgesang.saarland\/wordpress\/2023\/satanlagen\/","url":"https:\/\/vogelgesang.saarland\/wordpress\/2023\/satanlagen\/","name":"Satanlagen - Vogelgesang.saarland","isPartOf":{"@id":"https:\/\/vogelgesang.saarland\/wordpress\/2023\/#website"},"primaryImageOfPage":{"@id":"https:\/\/vogelgesang.saarland\/wordpress\/2023\/satanlagen\/#primaryimage"},"image":{"@id":"https:\/\/vogelgesang.saarland\/wordpress\/2023\/satanlagen\/#primaryimage"},"thumbnailUrl":"https:\/\/vogelgesang.saarland\/wordpress\/2023\/wp-content\/uploads\/2023\/02\/Navi_Sat-1024x683.jpg","datePublished":"2022-12-03T11:25:27+00:00","dateModified":"2025-07-14T21:59:27+00:00","description":"Satanlagen werden von uns gebaut und repariert. Nach der Planung vor Ort erfolgt die Montage, nach einem Sturm oder Gewitter die Reparatur.","breadcrumb":{"@id":"https:\/\/vogelgesang.saarland\/wordpress\/2023\/satanlagen\/#breadcrumb"},"inLanguage":"de","potentialAction":[{"@type":"ReadAction","target":["https:\/\/vogelgesang.saarland\/wordpress\/2023\/satanlagen\/"]}]},{"@type":"ImageObject","inLanguage":"de","@id":"https:\/\/vogelgesang.saarland\/wordpress\/2023\/satanlagen\/#primaryimage","url":"https:\/\/vogelgesang.saarland\/wordpress\/2023\/wp-content\/uploads\/2023\/02\/Navi_Sat.jpg","contentUrl":"https:\/\/vogelgesang.saarland\/wordpress\/2023\/wp-content\/uploads\/2023\/02\/Navi_Sat.jpg","width":1920,"height":1280},{"@type":"BreadcrumbList","@id":"https:\/\/vogelgesang.saarland\/wordpress\/2023\/satanlagen\/#breadcrumb","itemListElement":[{"@type":"ListItem","position":1,"name":"Startseite","item":"https:\/\/vogelgesang.saarland\/wordpress\/2023\/"},{"@type":"ListItem","position":2,"name":"Satanlagen"}]},{"@type":"WebSite","@id":"https:\/\/vogelgesang.saarland\/wordpress\/2023\/#website","url":"https:\/\/vogelgesang.saarland\/wordpress\/2023\/","name":"Vogelgesang","description":"Ihr Spezialist f\u00fcr TV, Sat und Hausger\u00e4te","publisher":{"@id":"https:\/\/vogelgesang.saarland\/wordpress\/2023\/#organization"},"potentialAction":[{"@type":"SearchAction","target":{"@type":"EntryPoint","urlTemplate":"https:\/\/vogelgesang.saarland\/wordpress\/2023\/?s={search_term_string}"},"query-input":{"@type":"PropertyValueSpecification","valueRequired":true,"valueName":"search_term_string"}}],"inLanguage":"de"},{"@type":"Organization","@id":"https:\/\/vogelgesang.saarland\/wordpress\/2023\/#organization","name":"Vogelgesang","url":"https:\/\/vogelgesang.saarland\/wordpress\/2023\/","logo":{"@type":"ImageObject","inLanguage":"de","@id":"https:\/\/vogelgesang.saarland\/wordpress\/2023\/#\/schema\/logo\/image\/","url":"https:\/\/vogelgesang.saarland\/wordpress\/2023\/wp-content\/uploads\/2022\/12\/Web_kopf_4.jpg","contentUrl":"https:\/\/vogelgesang.saarland\/wordpress\/2023\/wp-content\/uploads\/2022\/12\/Web_kopf_4.jpg","width":1600,"height":255,"caption":"Vogelgesang"},"image":{"@id":"https:\/\/vogelgesang.saarland\/wordpress\/2023\/#\/schema\/logo\/image\/"},"sameAs":["https:\/\/www.facebook.com\/vogelgesang.tv","https:\/\/www.instagram.com\/vogelgesang.tv"]}]}},"jetpack_sharing_enabled":true,"_links":{"self":[{"href":"https:\/\/vogelgesang.saarland\/wordpress\/2023\/wp-json\/wp\/v2\/pages\/21","targetHints":{"allow":["GET"]}}],"collection":[{"href":"https:\/\/vogelgesang.saarland\/wordpress\/2023\/wp-json\/wp\/v2\/pages"}],"about":[{"href":"https:\/\/vogelgesang.saarland\/wordpress\/2023\/wp-json\/wp\/v2\/types\/page"}],"author":[{"embeddable":true,"href":"https:\/\/vogelgesang.saarland\/wordpress\/2023\/wp-json\/wp\/v2\/users\/1"}],"replies":[{"embeddable":true,"href":"https:\/\/vogelgesang.saarland\/wordpress\/2023\/wp-json\/wp\/v2\/comments?post=21"}],"version-history":[{"count":8,"href":"https:\/\/vogelgesang.saarland\/wordpress\/2023\/wp-json\/wp\/v2\/pages\/21\/revisions"}],"predecessor-version":[{"id":348,"href":"https:\/\/vogelgesang.saarland\/wordpress\/2023\/wp-json\/wp\/v2\/pages\/21\/revisions\/348"}],"wp:attachment":[{"href":"https:\/\/vogelgesang.saarland\/wordpress\/2023\/wp-json\/wp\/v2\/media?parent=21"}],"curies":[{"name":"wp","href":"https:\/\/api.w.org\/{rel}","templated":true}]}}