{"id":23,"date":"2022-12-03T12:25:37","date_gmt":"2022-12-03T11:25:37","guid":{"rendered":"https:\/\/vogelgesang.saarland\/wordpress\/2023\/?page_id=23"},"modified":"2025-07-14T23:55:51","modified_gmt":"2025-07-14T21:55:51","slug":"hausgeraete","status":"publish","type":"page","link":"https:\/\/vogelgesang.saarland\/wordpress\/2023\/hausgeraete\/","title":{"rendered":"Hausger\u00e4te"},"content":{"rendered":"\n<h1 class=\"wp-block-heading has-background has-medium-font-size\" style=\"background-color:#fcd702\">Hausger\u00e4te<\/h1>\n\n\n\n<p>Wir f\u00fchren Hausger\u00e4te der namhaften Hersteller wie Miele. Liebherr, Bosch, Siemens und AEG. Auch andere Fabrikate lieferbar.<\/p>\n\n\n\n<p>Wir bauen Ihren neuen K\u00fchlschrank oder Geschirrsp\u00fcler in Ihre K\u00fcche ein und montieren die M\u00f6belfront.<\/p>\n\n\n<div class=\"wp-block-image\">\n<figure class=\"aligncenter size-large is-resized\"><img loading=\"lazy\" decoding=\"async\" width=\"1024\" height=\"683\" src=\"https:\/\/vogelgesang.saarland\/wordpress\/2023\/wp-content\/uploads\/2023\/02\/Navi_Hausgeraete-1024x683.jpg\" alt=\"Hausger\u00e4te vogelgesang.saarland\" class=\"wp-image-138\" style=\"width:768px;height:512px\" srcset=\"https:\/\/vogelgesang.saarland\/wordpress\/2023\/wp-content\/uploads\/2023\/02\/Navi_Hausgeraete-1024x683.jpg 1024w, https:\/\/vogelgesang.saarland\/wordpress\/2023\/wp-content\/uploads\/2023\/02\/Navi_Hausgeraete-300x200.jpg 300w, https:\/\/vogelgesang.saarland\/wordpress\/2023\/wp-content\/uploads\/2023\/02\/Navi_Hausgeraete-768x512.jpg 768w, https:\/\/vogelgesang.saarland\/wordpress\/2023\/wp-content\/uploads\/2023\/02\/Navi_Hausgeraete-1536x1024.jpg 1536w, https:\/\/vogelgesang.saarland\/wordpress\/2023\/wp-content\/uploads\/2023\/02\/Navi_Hausgeraete.jpg 1920w\" sizes=\"auto, (max-width: 1024px) 100vw, 1024px\" \/><\/figure>\n<\/div>\n\n\n<p>Ger\u00e4te werden von uns aufgestellt, angeschlossen und die Altger\u00e4te entsorgt. <\/p>\n\n\n\n<p>In unserer Ausstellung gibt es Haushaltskleinger\u00e4te wie Toaster, Wasserkocher, Haartrockner, Rasierer usw.<\/p>\n\n\n\n<p>Einen kleinen \u00dcberblick bekommen Sie \u00fcber den Navigationspunkt <a href=\"https:\/\/www.tp-vogelgesang.de\/produkte.php\">Sortiment<\/a> oder gleich hier auf <a href=\"https:\/\/www.tp-vogelgesang.de\/produkte.php\">tp-vogelgesang.de<\/a><\/p>\n","protected":false},"excerpt":{"rendered":"<p>Hausger\u00e4te Wir f\u00fchren Hausger\u00e4te der namhaften Hersteller wie Miele. Liebherr, Bosch, Siemens und AEG. Auch andere Fabrikate lieferbar. Wir bauen Ihren neuen K\u00fchlschrank oder Geschirrsp\u00fcler in Ihre K\u00fcche ein und montieren die M\u00f6belfront. Ger\u00e4te werden von uns aufgestellt, angeschlossen und die Altger\u00e4te entsorgt. In unserer Ausstellung gibt es Haushaltskleinger\u00e4te wie Toaster, Wasserkocher, Haartrockner, Rasierer usw. &#8230; <a title=\"Hausger\u00e4te\" class=\"read-more\" href=\"https:\/\/vogelgesang.saarland\/wordpress\/2023\/hausgeraete\/\" aria-label=\"Mehr Informationen \u00fcber Hausger\u00e4te\">Weiterlesen &#8230;<\/a><\/p>\n","protected":false},"author":1,"featured_media":0,"parent":0,"menu_order":30,"comment_status":"closed","ping_status":"closed","template":"","meta":{"generate_page_header":"","footnotes":""},"class_list":["post-23","page","type-page","status-publish"],"yoast_head":"<!-- This site is optimized with the Yoast SEO plugin v27.5 - https:\/\/yoast.com\/product\/yoast-seo-wordpress\/ -->\n<title>Hausger\u00e4te - Vogelgesang.saarland<\/title>\n<meta name=\"description\" content=\"Hausger\u00e4te sind Waschmaschinen, Trockner, K\u00fchlger\u00e4te und Geschirrsp\u00fcler. Neuger\u00e4te in der K\u00fcche bauen wir f\u00fcr Sie ein.\" \/>\n<meta name=\"robots\" content=\"index, follow, max-snippet:-1, max-image-preview:large, max-video-preview:-1\" \/>\n<link rel=\"canonical\" href=\"https:\/\/vogelgesang.saarland\/wordpress\/2023\/hausgeraete\/\" \/>\n<meta property=\"og:locale\" content=\"de_DE\" \/>\n<meta property=\"og:type\" content=\"article\" \/>\n<meta property=\"og:title\" content=\"Hausger\u00e4te - Vogelgesang.saarland\" \/>\n<meta property=\"og:description\" content=\"Hausger\u00e4te sind Waschmaschinen, Trockner, K\u00fchlger\u00e4te und Geschirrsp\u00fcler. Neuger\u00e4te in der K\u00fcche bauen wir f\u00fcr Sie ein.\" \/>\n<meta property=\"og:url\" content=\"https:\/\/vogelgesang.saarland\/wordpress\/2023\/hausgeraete\/\" \/>\n<meta property=\"og:site_name\" content=\"Vogelgesang\" \/>\n<meta property=\"article:publisher\" content=\"https:\/\/www.facebook.com\/vogelgesang.tv\" \/>\n<meta property=\"article:modified_time\" content=\"2025-07-14T21:55:51+00:00\" \/>\n<meta property=\"og:image\" content=\"https:\/\/vogelgesang.saarland\/wordpress\/2023\/wp-content\/uploads\/2023\/02\/Navi_Hausgeraete.jpg\" \/>\n\t<meta property=\"og:image:width\" content=\"1920\" \/>\n\t<meta property=\"og:image:height\" content=\"1280\" \/>\n\t<meta property=\"og:image:type\" content=\"image\/jpeg\" \/>\n<meta name=\"twitter:card\" content=\"summary_large_image\" \/>\n<meta name=\"twitter:label1\" content=\"Gesch\u00e4tzte Lesezeit\" \/>\n\t<meta name=\"twitter:data1\" content=\"1\u00a0Minute\" \/>\n<script type=\"application\/ld+json\" class=\"yoast-schema-graph\">{\"@context\":\"https:\\\/\\\/schema.org\",\"@graph\":[{\"@type\":\"WebPage\",\"@id\":\"https:\\\/\\\/vogelgesang.saarland\\\/wordpress\\\/2023\\\/hausgeraete\\\/\",\"url\":\"https:\\\/\\\/vogelgesang.saarland\\\/wordpress\\\/2023\\\/hausgeraete\\\/\",\"name\":\"Hausger\u00e4te - Vogelgesang.saarland\",\"isPartOf\":{\"@id\":\"https:\\\/\\\/vogelgesang.saarland\\\/wordpress\\\/2023\\\/#website\"},\"primaryImageOfPage\":{\"@id\":\"https:\\\/\\\/vogelgesang.saarland\\\/wordpress\\\/2023\\\/hausgeraete\\\/#primaryimage\"},\"image\":{\"@id\":\"https:\\\/\\\/vogelgesang.saarland\\\/wordpress\\\/2023\\\/hausgeraete\\\/#primaryimage\"},\"thumbnailUrl\":\"https:\\\/\\\/vogelgesang.saarland\\\/wordpress\\\/2023\\\/wp-content\\\/uploads\\\/2023\\\/02\\\/Navi_Hausgeraete-1024x683.jpg\",\"datePublished\":\"2022-12-03T11:25:37+00:00\",\"dateModified\":\"2025-07-14T21:55:51+00:00\",\"description\":\"Hausger\u00e4te sind Waschmaschinen, Trockner, K\u00fchlger\u00e4te und Geschirrsp\u00fcler. Neuger\u00e4te in der K\u00fcche bauen wir f\u00fcr Sie ein.\",\"breadcrumb\":{\"@id\":\"https:\\\/\\\/vogelgesang.saarland\\\/wordpress\\\/2023\\\/hausgeraete\\\/#breadcrumb\"},\"inLanguage\":\"de\",\"potentialAction\":[{\"@type\":\"ReadAction\",\"target\":[\"https:\\\/\\\/vogelgesang.saarland\\\/wordpress\\\/2023\\\/hausgeraete\\\/\"]}]},{\"@type\":\"ImageObject\",\"inLanguage\":\"de\",\"@id\":\"https:\\\/\\\/vogelgesang.saarland\\\/wordpress\\\/2023\\\/hausgeraete\\\/#primaryimage\",\"url\":\"https:\\\/\\\/vogelgesang.saarland\\\/wordpress\\\/2023\\\/wp-content\\\/uploads\\\/2023\\\/02\\\/Navi_Hausgeraete.jpg\",\"contentUrl\":\"https:\\\/\\\/vogelgesang.saarland\\\/wordpress\\\/2023\\\/wp-content\\\/uploads\\\/2023\\\/02\\\/Navi_Hausgeraete.jpg\",\"width\":1920,\"height\":1280},{\"@type\":\"BreadcrumbList\",\"@id\":\"https:\\\/\\\/vogelgesang.saarland\\\/wordpress\\\/2023\\\/hausgeraete\\\/#breadcrumb\",\"itemListElement\":[{\"@type\":\"ListItem\",\"position\":1,\"name\":\"Startseite\",\"item\":\"https:\\\/\\\/vogelgesang.saarland\\\/wordpress\\\/2023\\\/\"},{\"@type\":\"ListItem\",\"position\":2,\"name\":\"Hausger\u00e4te\"}]},{\"@type\":\"WebSite\",\"@id\":\"https:\\\/\\\/vogelgesang.saarland\\\/wordpress\\\/2023\\\/#website\",\"url\":\"https:\\\/\\\/vogelgesang.saarland\\\/wordpress\\\/2023\\\/\",\"name\":\"Vogelgesang\",\"description\":\"Ihr Spezialist f\u00fcr TV, Sat und Hausger\u00e4te\",\"publisher\":{\"@id\":\"https:\\\/\\\/vogelgesang.saarland\\\/wordpress\\\/2023\\\/#organization\"},\"potentialAction\":[{\"@type\":\"SearchAction\",\"target\":{\"@type\":\"EntryPoint\",\"urlTemplate\":\"https:\\\/\\\/vogelgesang.saarland\\\/wordpress\\\/2023\\\/?s={search_term_string}\"},\"query-input\":{\"@type\":\"PropertyValueSpecification\",\"valueRequired\":true,\"valueName\":\"search_term_string\"}}],\"inLanguage\":\"de\"},{\"@type\":\"Organization\",\"@id\":\"https:\\\/\\\/vogelgesang.saarland\\\/wordpress\\\/2023\\\/#organization\",\"name\":\"Vogelgesang\",\"url\":\"https:\\\/\\\/vogelgesang.saarland\\\/wordpress\\\/2023\\\/\",\"logo\":{\"@type\":\"ImageObject\",\"inLanguage\":\"de\",\"@id\":\"https:\\\/\\\/vogelgesang.saarland\\\/wordpress\\\/2023\\\/#\\\/schema\\\/logo\\\/image\\\/\",\"url\":\"https:\\\/\\\/vogelgesang.saarland\\\/wordpress\\\/2023\\\/wp-content\\\/uploads\\\/2022\\\/12\\\/Web_kopf_4.jpg\",\"contentUrl\":\"https:\\\/\\\/vogelgesang.saarland\\\/wordpress\\\/2023\\\/wp-content\\\/uploads\\\/2022\\\/12\\\/Web_kopf_4.jpg\",\"width\":1600,\"height\":255,\"caption\":\"Vogelgesang\"},\"image\":{\"@id\":\"https:\\\/\\\/vogelgesang.saarland\\\/wordpress\\\/2023\\\/#\\\/schema\\\/logo\\\/image\\\/\"},\"sameAs\":[\"https:\\\/\\\/www.facebook.com\\\/vogelgesang.tv\",\"https:\\\/\\\/www.instagram.com\\\/vogelgesang.tv\"]}]}<\/script>\n<!-- \/ Yoast SEO plugin. -->","yoast_head_json":{"title":"Hausger\u00e4te - Vogelgesang.saarland","description":"Hausger\u00e4te sind Waschmaschinen, Trockner, K\u00fchlger\u00e4te und Geschirrsp\u00fcler. Neuger\u00e4te in der K\u00fcche bauen wir f\u00fcr Sie ein.","robots":{"index":"index","follow":"follow","max-snippet":"max-snippet:-1","max-image-preview":"max-image-preview:large","max-video-preview":"max-video-preview:-1"},"canonical":"https:\/\/vogelgesang.saarland\/wordpress\/2023\/hausgeraete\/","og_locale":"de_DE","og_type":"article","og_title":"Hausger\u00e4te - Vogelgesang.saarland","og_description":"Hausger\u00e4te sind Waschmaschinen, Trockner, K\u00fchlger\u00e4te und Geschirrsp\u00fcler. Neuger\u00e4te in der K\u00fcche bauen wir f\u00fcr Sie ein.","og_url":"https:\/\/vogelgesang.saarland\/wordpress\/2023\/hausgeraete\/","og_site_name":"Vogelgesang","article_publisher":"https:\/\/www.facebook.com\/vogelgesang.tv","article_modified_time":"2025-07-14T21:55:51+00:00","og_image":[{"width":1920,"height":1280,"url":"https:\/\/vogelgesang.saarland\/wordpress\/2023\/wp-content\/uploads\/2023\/02\/Navi_Hausgeraete.jpg","type":"image\/jpeg"}],"twitter_card":"summary_large_image","twitter_misc":{"Gesch\u00e4tzte Lesezeit":"1\u00a0Minute"},"schema":{"@context":"https:\/\/schema.org","@graph":[{"@type":"WebPage","@id":"https:\/\/vogelgesang.saarland\/wordpress\/2023\/hausgeraete\/","url":"https:\/\/vogelgesang.saarland\/wordpress\/2023\/hausgeraete\/","name":"Hausger\u00e4te - Vogelgesang.saarland","isPartOf":{"@id":"https:\/\/vogelgesang.saarland\/wordpress\/2023\/#website"},"primaryImageOfPage":{"@id":"https:\/\/vogelgesang.saarland\/wordpress\/2023\/hausgeraete\/#primaryimage"},"image":{"@id":"https:\/\/vogelgesang.saarland\/wordpress\/2023\/hausgeraete\/#primaryimage"},"thumbnailUrl":"https:\/\/vogelgesang.saarland\/wordpress\/2023\/wp-content\/uploads\/2023\/02\/Navi_Hausgeraete-1024x683.jpg","datePublished":"2022-12-03T11:25:37+00:00","dateModified":"2025-07-14T21:55:51+00:00","description":"Hausger\u00e4te sind Waschmaschinen, Trockner, K\u00fchlger\u00e4te und Geschirrsp\u00fcler. Neuger\u00e4te in der K\u00fcche bauen wir f\u00fcr Sie ein.","breadcrumb":{"@id":"https:\/\/vogelgesang.saarland\/wordpress\/2023\/hausgeraete\/#breadcrumb"},"inLanguage":"de","potentialAction":[{"@type":"ReadAction","target":["https:\/\/vogelgesang.saarland\/wordpress\/2023\/hausgeraete\/"]}]},{"@type":"ImageObject","inLanguage":"de","@id":"https:\/\/vogelgesang.saarland\/wordpress\/2023\/hausgeraete\/#primaryimage","url":"https:\/\/vogelgesang.saarland\/wordpress\/2023\/wp-content\/uploads\/2023\/02\/Navi_Hausgeraete.jpg","contentUrl":"https:\/\/vogelgesang.saarland\/wordpress\/2023\/wp-content\/uploads\/2023\/02\/Navi_Hausgeraete.jpg","width":1920,"height":1280},{"@type":"BreadcrumbList","@id":"https:\/\/vogelgesang.saarland\/wordpress\/2023\/hausgeraete\/#breadcrumb","itemListElement":[{"@type":"ListItem","position":1,"name":"Startseite","item":"https:\/\/vogelgesang.saarland\/wordpress\/2023\/"},{"@type":"ListItem","position":2,"name":"Hausger\u00e4te"}]},{"@type":"WebSite","@id":"https:\/\/vogelgesang.saarland\/wordpress\/2023\/#website","url":"https:\/\/vogelgesang.saarland\/wordpress\/2023\/","name":"Vogelgesang","description":"Ihr Spezialist f\u00fcr TV, Sat und Hausger\u00e4te","publisher":{"@id":"https:\/\/vogelgesang.saarland\/wordpress\/2023\/#organization"},"potentialAction":[{"@type":"SearchAction","target":{"@type":"EntryPoint","urlTemplate":"https:\/\/vogelgesang.saarland\/wordpress\/2023\/?s={search_term_string}"},"query-input":{"@type":"PropertyValueSpecification","valueRequired":true,"valueName":"search_term_string"}}],"inLanguage":"de"},{"@type":"Organization","@id":"https:\/\/vogelgesang.saarland\/wordpress\/2023\/#organization","name":"Vogelgesang","url":"https:\/\/vogelgesang.saarland\/wordpress\/2023\/","logo":{"@type":"ImageObject","inLanguage":"de","@id":"https:\/\/vogelgesang.saarland\/wordpress\/2023\/#\/schema\/logo\/image\/","url":"https:\/\/vogelgesang.saarland\/wordpress\/2023\/wp-content\/uploads\/2022\/12\/Web_kopf_4.jpg","contentUrl":"https:\/\/vogelgesang.saarland\/wordpress\/2023\/wp-content\/uploads\/2022\/12\/Web_kopf_4.jpg","width":1600,"height":255,"caption":"Vogelgesang"},"image":{"@id":"https:\/\/vogelgesang.saarland\/wordpress\/2023\/#\/schema\/logo\/image\/"},"sameAs":["https:\/\/www.facebook.com\/vogelgesang.tv","https:\/\/www.instagram.com\/vogelgesang.tv"]}]}},"jetpack_sharing_enabled":true,"_links":{"self":[{"href":"https:\/\/vogelgesang.saarland\/wordpress\/2023\/wp-json\/wp\/v2\/pages\/23","targetHints":{"allow":["GET"]}}],"collection":[{"href":"https:\/\/vogelgesang.saarland\/wordpress\/2023\/wp-json\/wp\/v2\/pages"}],"about":[{"href":"https:\/\/vogelgesang.saarland\/wordpress\/2023\/wp-json\/wp\/v2\/types\/page"}],"author":[{"embeddable":true,"href":"https:\/\/vogelgesang.saarland\/wordpress\/2023\/wp-json\/wp\/v2\/users\/1"}],"replies":[{"embeddable":true,"href":"https:\/\/vogelgesang.saarland\/wordpress\/2023\/wp-json\/wp\/v2\/comments?post=23"}],"version-history":[{"count":10,"href":"https:\/\/vogelgesang.saarland\/wordpress\/2023\/wp-json\/wp\/v2\/pages\/23\/revisions"}],"predecessor-version":[{"id":346,"href":"https:\/\/vogelgesang.saarland\/wordpress\/2023\/wp-json\/wp\/v2\/pages\/23\/revisions\/346"}],"wp:attachment":[{"href":"https:\/\/vogelgesang.saarland\/wordpress\/2023\/wp-json\/wp\/v2\/media?parent=23"}],"curies":[{"name":"wp","href":"https:\/\/api.w.org\/{rel}","templated":true}]}}