{"id":25,"date":"2022-12-03T12:25:51","date_gmt":"2022-12-03T11:25:51","guid":{"rendered":"https:\/\/vogelgesang.saarland\/wordpress\/2023\/?page_id=25"},"modified":"2023-07-08T10:52:36","modified_gmt":"2023-07-08T08:52:36","slug":"kaffee","status":"publish","type":"page","link":"https:\/\/vogelgesang.saarland\/wordpress\/2023\/kaffee\/","title":{"rendered":"Kaffee"},"content":{"rendered":"\n<h1 class=\"wp-block-heading\">Kaffee<\/h1>\n\n\n\n<p>Kaffeevollautomaten und Kaffee, das geh\u00f6rt zusammen. Und so ist es auch bei uns.<\/p>\n\n\n\n<p>Wir verkaufen neben den Fachhandelsger\u00e4ten von <strong>Nivona<\/strong> auch Kaffee von vier verschiedenen Kaffeer\u00f6stereien.<\/p>\n\n\n\n<p>Die <a href=\"https:\/\/www.koelner-kaffee.de\/\">K\u00f6lner Kaffeemanufaktur<\/a>, <a href=\"https:\/\/www.vogelmaier.de\/\">VogelMaier<\/a> aus M\u00fcnchen, <a href=\"https:\/\/roestheld.de\/\">Roestheld<\/a> an der Schweizer Grenze und <a href=\"https:\/\/www.blackhen.de\/\">Black Hen<\/a> hier aus Ensheim<\/p>\n\n\n<div class=\"wp-block-image\">\n<figure class=\"aligncenter size-large is-resized\"><img loading=\"lazy\" decoding=\"async\" src=\"https:\/\/vogelgesang.saarland\/wordpress\/2023\/wp-content\/uploads\/2023\/02\/Navi_Kaffee-1024x576.jpg\" alt=\"Kaffee vogelgesang.saarland\" class=\"wp-image-140\" width=\"768\" height=\"432\" srcset=\"https:\/\/vogelgesang.saarland\/wordpress\/2023\/wp-content\/uploads\/2023\/02\/Navi_Kaffee-1024x576.jpg 1024w, https:\/\/vogelgesang.saarland\/wordpress\/2023\/wp-content\/uploads\/2023\/02\/Navi_Kaffee-300x169.jpg 300w, https:\/\/vogelgesang.saarland\/wordpress\/2023\/wp-content\/uploads\/2023\/02\/Navi_Kaffee-768x432.jpg 768w, https:\/\/vogelgesang.saarland\/wordpress\/2023\/wp-content\/uploads\/2023\/02\/Navi_Kaffee-1536x864.jpg 1536w, https:\/\/vogelgesang.saarland\/wordpress\/2023\/wp-content\/uploads\/2023\/02\/Navi_Kaffee.jpg 1920w\" sizes=\"auto, (max-width: 768px) 100vw, 768px\" \/><\/figure>\n<\/div>\n\n\n<p>Zu den Kaffeevollautomaten f\u00fchren wir die passenden Pflegeprodukte von Nivona, Siemens und Jura<\/p>\n\n\n\n<hr class=\"wp-block-separator has-alpha-channel-opacity\"\/>\n\n\n\n<h1 class=\"wp-block-heading\">Smeg im Bereich Kaffee<\/h1>\n\n\n\n<p>Von <strong>Smeg <\/strong>f\u00fchren wir in verschiedenen Farben Kaffeeautomaten, Espresso-Kaffeemaschine, Kaffeevollautomaten Kaffeem\u00fchlen und Milchaufsch\u00e4umer<\/p>\n\n\n<div class=\"wp-block-image\">\n<figure class=\"aligncenter size-large\"><img loading=\"lazy\" decoding=\"async\" width=\"1024\" height=\"274\" src=\"https:\/\/vogelgesang.saarland\/wordpress\/2023\/wp-content\/uploads\/2023\/07\/Smeg-1024x274.jpg\" alt=\"\" class=\"wp-image-240\" srcset=\"https:\/\/vogelgesang.saarland\/wordpress\/2023\/wp-content\/uploads\/2023\/07\/Smeg-1024x274.jpg 1024w, https:\/\/vogelgesang.saarland\/wordpress\/2023\/wp-content\/uploads\/2023\/07\/Smeg-300x80.jpg 300w, https:\/\/vogelgesang.saarland\/wordpress\/2023\/wp-content\/uploads\/2023\/07\/Smeg-768x205.jpg 768w, https:\/\/vogelgesang.saarland\/wordpress\/2023\/wp-content\/uploads\/2023\/07\/Smeg-1536x411.jpg 1536w, https:\/\/vogelgesang.saarland\/wordpress\/2023\/wp-content\/uploads\/2023\/07\/Smeg.jpg 1870w\" sizes=\"auto, (max-width: 1024px) 100vw, 1024px\" \/><\/figure>\n<\/div>\n\n\n<p>Nat\u00fcrlich f\u00fchren wir auch das komplette Smeg-Programm mit diversen K\u00fcchen-Kleinger\u00e4ten in vielen Farben, sowie die K\u00fchlger\u00e4te im 50&#8217;s Design<\/p>\n","protected":false},"excerpt":{"rendered":"<p>Kaffee Kaffeevollautomaten und Kaffee, das geh\u00f6rt zusammen. Und so ist es auch bei uns. Wir verkaufen neben den Fachhandelsger\u00e4ten von Nivona auch Kaffee von vier verschiedenen Kaffeer\u00f6stereien. Die K\u00f6lner Kaffeemanufaktur, VogelMaier aus M\u00fcnchen, Roestheld an der Schweizer Grenze und Black Hen hier aus Ensheim Zu den Kaffeevollautomaten f\u00fchren wir die passenden Pflegeprodukte von Nivona, Siemens &#8230; <a title=\"Kaffee\" class=\"read-more\" href=\"https:\/\/vogelgesang.saarland\/wordpress\/2023\/kaffee\/\" aria-label=\"Mehr Informationen \u00fcber Kaffee\">Weiterlesen &#8230;<\/a><\/p>\n","protected":false},"author":1,"featured_media":0,"parent":0,"menu_order":40,"comment_status":"closed","ping_status":"closed","template":"","meta":{"generate_page_header":"","footnotes":""},"class_list":["post-25","page","type-page","status-publish"],"yoast_head":"<!-- This site is optimized with the Yoast SEO plugin v27.5 - https:\/\/yoast.com\/product\/yoast-seo-wordpress\/ -->\n<title>Kaffee - Vogelgesang.saarland<\/title>\n<meta name=\"description\" content=\"Kaffee hei\u00dft bei uns von der Bohne bis zur Tasse. Also Kaffeevollautomaten, frische Kaffeebohnen und die passenden Pflegeprodukte.\" \/>\n<meta name=\"robots\" content=\"index, follow, max-snippet:-1, max-image-preview:large, max-video-preview:-1\" \/>\n<link rel=\"canonical\" href=\"https:\/\/vogelgesang.saarland\/wordpress\/2023\/kaffee\/\" \/>\n<meta property=\"og:locale\" content=\"de_DE\" \/>\n<meta property=\"og:type\" content=\"article\" \/>\n<meta property=\"og:title\" content=\"Kaffee - Vogelgesang.saarland\" \/>\n<meta property=\"og:description\" content=\"Kaffee hei\u00dft bei uns von der Bohne bis zur Tasse. Also Kaffeevollautomaten, frische Kaffeebohnen und die passenden Pflegeprodukte.\" \/>\n<meta property=\"og:url\" content=\"https:\/\/vogelgesang.saarland\/wordpress\/2023\/kaffee\/\" \/>\n<meta property=\"og:site_name\" content=\"Vogelgesang\" \/>\n<meta property=\"article:publisher\" content=\"https:\/\/www.facebook.com\/vogelgesang.tv\" \/>\n<meta property=\"article:modified_time\" content=\"2023-07-08T08:52:36+00:00\" \/>\n<meta property=\"og:image\" content=\"https:\/\/vogelgesang.saarland\/wordpress\/2023\/wp-content\/uploads\/2023\/02\/Navi_Kaffee-1024x576.jpg\" \/>\n<meta name=\"twitter:card\" content=\"summary_large_image\" \/>\n<meta name=\"twitter:label1\" content=\"Gesch\u00e4tzte Lesezeit\" \/>\n\t<meta name=\"twitter:data1\" content=\"1\u00a0Minute\" \/>\n<script type=\"application\/ld+json\" class=\"yoast-schema-graph\">{\"@context\":\"https:\\\/\\\/schema.org\",\"@graph\":[{\"@type\":\"WebPage\",\"@id\":\"https:\\\/\\\/vogelgesang.saarland\\\/wordpress\\\/2023\\\/kaffee\\\/\",\"url\":\"https:\\\/\\\/vogelgesang.saarland\\\/wordpress\\\/2023\\\/kaffee\\\/\",\"name\":\"Kaffee - Vogelgesang.saarland\",\"isPartOf\":{\"@id\":\"https:\\\/\\\/vogelgesang.saarland\\\/wordpress\\\/2023\\\/#website\"},\"primaryImageOfPage\":{\"@id\":\"https:\\\/\\\/vogelgesang.saarland\\\/wordpress\\\/2023\\\/kaffee\\\/#primaryimage\"},\"image\":{\"@id\":\"https:\\\/\\\/vogelgesang.saarland\\\/wordpress\\\/2023\\\/kaffee\\\/#primaryimage\"},\"thumbnailUrl\":\"https:\\\/\\\/vogelgesang.saarland\\\/wordpress\\\/2023\\\/wp-content\\\/uploads\\\/2023\\\/02\\\/Navi_Kaffee-1024x576.jpg\",\"datePublished\":\"2022-12-03T11:25:51+00:00\",\"dateModified\":\"2023-07-08T08:52:36+00:00\",\"description\":\"Kaffee hei\u00dft bei uns von der Bohne bis zur Tasse. Also Kaffeevollautomaten, frische Kaffeebohnen und die passenden Pflegeprodukte.\",\"breadcrumb\":{\"@id\":\"https:\\\/\\\/vogelgesang.saarland\\\/wordpress\\\/2023\\\/kaffee\\\/#breadcrumb\"},\"inLanguage\":\"de\",\"potentialAction\":[{\"@type\":\"ReadAction\",\"target\":[\"https:\\\/\\\/vogelgesang.saarland\\\/wordpress\\\/2023\\\/kaffee\\\/\"]}]},{\"@type\":\"ImageObject\",\"inLanguage\":\"de\",\"@id\":\"https:\\\/\\\/vogelgesang.saarland\\\/wordpress\\\/2023\\\/kaffee\\\/#primaryimage\",\"url\":\"https:\\\/\\\/vogelgesang.saarland\\\/wordpress\\\/2023\\\/wp-content\\\/uploads\\\/2023\\\/02\\\/Navi_Kaffee.jpg\",\"contentUrl\":\"https:\\\/\\\/vogelgesang.saarland\\\/wordpress\\\/2023\\\/wp-content\\\/uploads\\\/2023\\\/02\\\/Navi_Kaffee.jpg\",\"width\":1920,\"height\":1080},{\"@type\":\"BreadcrumbList\",\"@id\":\"https:\\\/\\\/vogelgesang.saarland\\\/wordpress\\\/2023\\\/kaffee\\\/#breadcrumb\",\"itemListElement\":[{\"@type\":\"ListItem\",\"position\":1,\"name\":\"Startseite\",\"item\":\"https:\\\/\\\/vogelgesang.saarland\\\/wordpress\\\/2023\\\/\"},{\"@type\":\"ListItem\",\"position\":2,\"name\":\"Kaffee\"}]},{\"@type\":\"WebSite\",\"@id\":\"https:\\\/\\\/vogelgesang.saarland\\\/wordpress\\\/2023\\\/#website\",\"url\":\"https:\\\/\\\/vogelgesang.saarland\\\/wordpress\\\/2023\\\/\",\"name\":\"Vogelgesang\",\"description\":\"Ihr Spezialist f\u00fcr TV, Sat und Hausger\u00e4te\",\"publisher\":{\"@id\":\"https:\\\/\\\/vogelgesang.saarland\\\/wordpress\\\/2023\\\/#organization\"},\"potentialAction\":[{\"@type\":\"SearchAction\",\"target\":{\"@type\":\"EntryPoint\",\"urlTemplate\":\"https:\\\/\\\/vogelgesang.saarland\\\/wordpress\\\/2023\\\/?s={search_term_string}\"},\"query-input\":{\"@type\":\"PropertyValueSpecification\",\"valueRequired\":true,\"valueName\":\"search_term_string\"}}],\"inLanguage\":\"de\"},{\"@type\":\"Organization\",\"@id\":\"https:\\\/\\\/vogelgesang.saarland\\\/wordpress\\\/2023\\\/#organization\",\"name\":\"Vogelgesang\",\"url\":\"https:\\\/\\\/vogelgesang.saarland\\\/wordpress\\\/2023\\\/\",\"logo\":{\"@type\":\"ImageObject\",\"inLanguage\":\"de\",\"@id\":\"https:\\\/\\\/vogelgesang.saarland\\\/wordpress\\\/2023\\\/#\\\/schema\\\/logo\\\/image\\\/\",\"url\":\"https:\\\/\\\/vogelgesang.saarland\\\/wordpress\\\/2023\\\/wp-content\\\/uploads\\\/2022\\\/12\\\/Web_kopf_4.jpg\",\"contentUrl\":\"https:\\\/\\\/vogelgesang.saarland\\\/wordpress\\\/2023\\\/wp-content\\\/uploads\\\/2022\\\/12\\\/Web_kopf_4.jpg\",\"width\":1600,\"height\":255,\"caption\":\"Vogelgesang\"},\"image\":{\"@id\":\"https:\\\/\\\/vogelgesang.saarland\\\/wordpress\\\/2023\\\/#\\\/schema\\\/logo\\\/image\\\/\"},\"sameAs\":[\"https:\\\/\\\/www.facebook.com\\\/vogelgesang.tv\",\"https:\\\/\\\/www.instagram.com\\\/vogelgesang.tv\"]}]}<\/script>\n<!-- \/ Yoast SEO plugin. -->","yoast_head_json":{"title":"Kaffee - Vogelgesang.saarland","description":"Kaffee hei\u00dft bei uns von der Bohne bis zur Tasse. Also Kaffeevollautomaten, frische Kaffeebohnen und die passenden Pflegeprodukte.","robots":{"index":"index","follow":"follow","max-snippet":"max-snippet:-1","max-image-preview":"max-image-preview:large","max-video-preview":"max-video-preview:-1"},"canonical":"https:\/\/vogelgesang.saarland\/wordpress\/2023\/kaffee\/","og_locale":"de_DE","og_type":"article","og_title":"Kaffee - Vogelgesang.saarland","og_description":"Kaffee hei\u00dft bei uns von der Bohne bis zur Tasse. Also Kaffeevollautomaten, frische Kaffeebohnen und die passenden Pflegeprodukte.","og_url":"https:\/\/vogelgesang.saarland\/wordpress\/2023\/kaffee\/","og_site_name":"Vogelgesang","article_publisher":"https:\/\/www.facebook.com\/vogelgesang.tv","article_modified_time":"2023-07-08T08:52:36+00:00","og_image":[{"url":"https:\/\/vogelgesang.saarland\/wordpress\/2023\/wp-content\/uploads\/2023\/02\/Navi_Kaffee-1024x576.jpg","type":"","width":"","height":""}],"twitter_card":"summary_large_image","twitter_misc":{"Gesch\u00e4tzte Lesezeit":"1\u00a0Minute"},"schema":{"@context":"https:\/\/schema.org","@graph":[{"@type":"WebPage","@id":"https:\/\/vogelgesang.saarland\/wordpress\/2023\/kaffee\/","url":"https:\/\/vogelgesang.saarland\/wordpress\/2023\/kaffee\/","name":"Kaffee - Vogelgesang.saarland","isPartOf":{"@id":"https:\/\/vogelgesang.saarland\/wordpress\/2023\/#website"},"primaryImageOfPage":{"@id":"https:\/\/vogelgesang.saarland\/wordpress\/2023\/kaffee\/#primaryimage"},"image":{"@id":"https:\/\/vogelgesang.saarland\/wordpress\/2023\/kaffee\/#primaryimage"},"thumbnailUrl":"https:\/\/vogelgesang.saarland\/wordpress\/2023\/wp-content\/uploads\/2023\/02\/Navi_Kaffee-1024x576.jpg","datePublished":"2022-12-03T11:25:51+00:00","dateModified":"2023-07-08T08:52:36+00:00","description":"Kaffee hei\u00dft bei uns von der Bohne bis zur Tasse. Also Kaffeevollautomaten, frische Kaffeebohnen und die passenden Pflegeprodukte.","breadcrumb":{"@id":"https:\/\/vogelgesang.saarland\/wordpress\/2023\/kaffee\/#breadcrumb"},"inLanguage":"de","potentialAction":[{"@type":"ReadAction","target":["https:\/\/vogelgesang.saarland\/wordpress\/2023\/kaffee\/"]}]},{"@type":"ImageObject","inLanguage":"de","@id":"https:\/\/vogelgesang.saarland\/wordpress\/2023\/kaffee\/#primaryimage","url":"https:\/\/vogelgesang.saarland\/wordpress\/2023\/wp-content\/uploads\/2023\/02\/Navi_Kaffee.jpg","contentUrl":"https:\/\/vogelgesang.saarland\/wordpress\/2023\/wp-content\/uploads\/2023\/02\/Navi_Kaffee.jpg","width":1920,"height":1080},{"@type":"BreadcrumbList","@id":"https:\/\/vogelgesang.saarland\/wordpress\/2023\/kaffee\/#breadcrumb","itemListElement":[{"@type":"ListItem","position":1,"name":"Startseite","item":"https:\/\/vogelgesang.saarland\/wordpress\/2023\/"},{"@type":"ListItem","position":2,"name":"Kaffee"}]},{"@type":"WebSite","@id":"https:\/\/vogelgesang.saarland\/wordpress\/2023\/#website","url":"https:\/\/vogelgesang.saarland\/wordpress\/2023\/","name":"Vogelgesang","description":"Ihr Spezialist f\u00fcr TV, Sat und Hausger\u00e4te","publisher":{"@id":"https:\/\/vogelgesang.saarland\/wordpress\/2023\/#organization"},"potentialAction":[{"@type":"SearchAction","target":{"@type":"EntryPoint","urlTemplate":"https:\/\/vogelgesang.saarland\/wordpress\/2023\/?s={search_term_string}"},"query-input":{"@type":"PropertyValueSpecification","valueRequired":true,"valueName":"search_term_string"}}],"inLanguage":"de"},{"@type":"Organization","@id":"https:\/\/vogelgesang.saarland\/wordpress\/2023\/#organization","name":"Vogelgesang","url":"https:\/\/vogelgesang.saarland\/wordpress\/2023\/","logo":{"@type":"ImageObject","inLanguage":"de","@id":"https:\/\/vogelgesang.saarland\/wordpress\/2023\/#\/schema\/logo\/image\/","url":"https:\/\/vogelgesang.saarland\/wordpress\/2023\/wp-content\/uploads\/2022\/12\/Web_kopf_4.jpg","contentUrl":"https:\/\/vogelgesang.saarland\/wordpress\/2023\/wp-content\/uploads\/2022\/12\/Web_kopf_4.jpg","width":1600,"height":255,"caption":"Vogelgesang"},"image":{"@id":"https:\/\/vogelgesang.saarland\/wordpress\/2023\/#\/schema\/logo\/image\/"},"sameAs":["https:\/\/www.facebook.com\/vogelgesang.tv","https:\/\/www.instagram.com\/vogelgesang.tv"]}]}},"jetpack_sharing_enabled":true,"_links":{"self":[{"href":"https:\/\/vogelgesang.saarland\/wordpress\/2023\/wp-json\/wp\/v2\/pages\/25","targetHints":{"allow":["GET"]}}],"collection":[{"href":"https:\/\/vogelgesang.saarland\/wordpress\/2023\/wp-json\/wp\/v2\/pages"}],"about":[{"href":"https:\/\/vogelgesang.saarland\/wordpress\/2023\/wp-json\/wp\/v2\/types\/page"}],"author":[{"embeddable":true,"href":"https:\/\/vogelgesang.saarland\/wordpress\/2023\/wp-json\/wp\/v2\/users\/1"}],"replies":[{"embeddable":true,"href":"https:\/\/vogelgesang.saarland\/wordpress\/2023\/wp-json\/wp\/v2\/comments?post=25"}],"version-history":[{"count":11,"href":"https:\/\/vogelgesang.saarland\/wordpress\/2023\/wp-json\/wp\/v2\/pages\/25\/revisions"}],"predecessor-version":[{"id":242,"href":"https:\/\/vogelgesang.saarland\/wordpress\/2023\/wp-json\/wp\/v2\/pages\/25\/revisions\/242"}],"wp:attachment":[{"href":"https:\/\/vogelgesang.saarland\/wordpress\/2023\/wp-json\/wp\/v2\/media?parent=25"}],"curies":[{"name":"wp","href":"https:\/\/api.w.org\/{rel}","templated":true}]}}