{"id":269,"date":"2024-03-23T20:31:45","date_gmt":"2024-03-23T19:31:45","guid":{"rendered":"https:\/\/vogelgesang.saarland\/wordpress\/2023\/?page_id=269"},"modified":"2025-07-15T00:03:16","modified_gmt":"2025-07-14T22:03:16","slug":"postfiliale","status":"publish","type":"page","link":"https:\/\/vogelgesang.saarland\/wordpress\/2023\/postfiliale\/","title":{"rendered":"Postfiliale"},"content":{"rendered":"\n<h1 class=\"wp-block-heading has-background has-medium-font-size\" style=\"background-color:#fcd702\">Postfiliale<\/h1>\n\n\n\n<p>Mit in unseren R\u00e4umlichkeiten befindet sich auch die Postfiliale Ormesheim mit einem Schreibwaren- und Schulbedarfsortiment. Weitere Infos hierzu unter <a href=\"https:\/\/schreibwaren.vogelgesang.saarland\">schreibwaren.vogelgesang.saarland<\/a><\/p>\n\n\n\n<figure class=\"wp-block-image size-large\"><a href=\"https:\/\/schreibwaren.vogelgesang.saarland\"><img loading=\"lazy\" decoding=\"async\" width=\"1024\" height=\"183\" src=\"https:\/\/vogelgesang.saarland\/wordpress\/2023\/wp-content\/uploads\/2024\/03\/Kopf_Web-1024x183.jpg\" alt=\"Postfiliale\" class=\"wp-image-270\" srcset=\"https:\/\/vogelgesang.saarland\/wordpress\/2023\/wp-content\/uploads\/2024\/03\/Kopf_Web-1024x183.jpg 1024w, https:\/\/vogelgesang.saarland\/wordpress\/2023\/wp-content\/uploads\/2024\/03\/Kopf_Web-300x54.jpg 300w, https:\/\/vogelgesang.saarland\/wordpress\/2023\/wp-content\/uploads\/2024\/03\/Kopf_Web-768x138.jpg 768w, https:\/\/vogelgesang.saarland\/wordpress\/2023\/wp-content\/uploads\/2024\/03\/Kopf_Web.jpg 1200w\" sizes=\"auto, (max-width: 1024px) 100vw, 1024px\" \/><\/a><\/figure>\n","protected":false},"excerpt":{"rendered":"<p>Postfiliale Mit in unseren R\u00e4umlichkeiten befindet sich auch die Postfiliale Ormesheim mit einem Schreibwaren- und Schulbedarfsortiment. Weitere Infos hierzu unter schreibwaren.vogelgesang.saarland<\/p>\n","protected":false},"author":1,"featured_media":0,"parent":0,"menu_order":90,"comment_status":"closed","ping_status":"closed","template":"","meta":{"generate_page_header":"","footnotes":""},"class_list":["post-269","page","type-page","status-publish"],"yoast_head":"<!-- This site is optimized with the Yoast SEO plugin v27.5 - https:\/\/yoast.com\/product\/yoast-seo-wordpress\/ -->\n<title>Postfiliale - Vogelgesang<\/title>\n<meta name=\"description\" content=\"Die Postfiliale Ormesheim ist in unserem Gesch\u00e4ft integriert. R\u00e4umlichkeiten + Mitarbeiterinnen geh\u00f6ren ausschlie\u00dflich zur Firma Vogelgesang\" \/>\n<meta name=\"robots\" content=\"index, follow, max-snippet:-1, max-image-preview:large, max-video-preview:-1\" \/>\n<link rel=\"canonical\" href=\"https:\/\/vogelgesang.saarland\/wordpress\/2023\/postfiliale\/\" \/>\n<meta property=\"og:locale\" content=\"de_DE\" \/>\n<meta property=\"og:type\" content=\"article\" \/>\n<meta property=\"og:title\" content=\"Postfiliale - Vogelgesang\" \/>\n<meta property=\"og:description\" content=\"Die Postfiliale Ormesheim ist in unserem Gesch\u00e4ft integriert. R\u00e4umlichkeiten + Mitarbeiterinnen geh\u00f6ren ausschlie\u00dflich zur Firma Vogelgesang\" \/>\n<meta property=\"og:url\" content=\"https:\/\/vogelgesang.saarland\/wordpress\/2023\/postfiliale\/\" \/>\n<meta property=\"og:site_name\" content=\"Vogelgesang\" \/>\n<meta property=\"article:publisher\" content=\"https:\/\/www.facebook.com\/vogelgesang.tv\" \/>\n<meta property=\"article:modified_time\" content=\"2025-07-14T22:03:16+00:00\" \/>\n<meta property=\"og:image\" content=\"https:\/\/vogelgesang.saarland\/wordpress\/2023\/wp-content\/uploads\/2024\/03\/Kopf_Web.jpg\" \/>\n\t<meta property=\"og:image:width\" content=\"1200\" \/>\n\t<meta property=\"og:image:height\" content=\"215\" \/>\n\t<meta property=\"og:image:type\" content=\"image\/jpeg\" \/>\n<meta name=\"twitter:card\" content=\"summary_large_image\" \/>\n<meta name=\"twitter:label1\" content=\"Gesch\u00e4tzte Lesezeit\" \/>\n\t<meta name=\"twitter:data1\" content=\"1\u00a0Minute\" \/>\n<script type=\"application\/ld+json\" class=\"yoast-schema-graph\">{\"@context\":\"https:\\\/\\\/schema.org\",\"@graph\":[{\"@type\":\"WebPage\",\"@id\":\"https:\\\/\\\/vogelgesang.saarland\\\/wordpress\\\/2023\\\/postfiliale\\\/\",\"url\":\"https:\\\/\\\/vogelgesang.saarland\\\/wordpress\\\/2023\\\/postfiliale\\\/\",\"name\":\"Postfiliale - Vogelgesang\",\"isPartOf\":{\"@id\":\"https:\\\/\\\/vogelgesang.saarland\\\/wordpress\\\/2023\\\/#website\"},\"primaryImageOfPage\":{\"@id\":\"https:\\\/\\\/vogelgesang.saarland\\\/wordpress\\\/2023\\\/postfiliale\\\/#primaryimage\"},\"image\":{\"@id\":\"https:\\\/\\\/vogelgesang.saarland\\\/wordpress\\\/2023\\\/postfiliale\\\/#primaryimage\"},\"thumbnailUrl\":\"https:\\\/\\\/vogelgesang.saarland\\\/wordpress\\\/2023\\\/wp-content\\\/uploads\\\/2024\\\/03\\\/Kopf_Web-1024x183.jpg\",\"datePublished\":\"2024-03-23T19:31:45+00:00\",\"dateModified\":\"2025-07-14T22:03:16+00:00\",\"description\":\"Die Postfiliale Ormesheim ist in unserem Gesch\u00e4ft integriert. R\u00e4umlichkeiten + Mitarbeiterinnen geh\u00f6ren ausschlie\u00dflich zur Firma Vogelgesang\",\"breadcrumb\":{\"@id\":\"https:\\\/\\\/vogelgesang.saarland\\\/wordpress\\\/2023\\\/postfiliale\\\/#breadcrumb\"},\"inLanguage\":\"de\",\"potentialAction\":[{\"@type\":\"ReadAction\",\"target\":[\"https:\\\/\\\/vogelgesang.saarland\\\/wordpress\\\/2023\\\/postfiliale\\\/\"]}]},{\"@type\":\"ImageObject\",\"inLanguage\":\"de\",\"@id\":\"https:\\\/\\\/vogelgesang.saarland\\\/wordpress\\\/2023\\\/postfiliale\\\/#primaryimage\",\"url\":\"https:\\\/\\\/vogelgesang.saarland\\\/wordpress\\\/2023\\\/wp-content\\\/uploads\\\/2024\\\/03\\\/Kopf_Web.jpg\",\"contentUrl\":\"https:\\\/\\\/vogelgesang.saarland\\\/wordpress\\\/2023\\\/wp-content\\\/uploads\\\/2024\\\/03\\\/Kopf_Web.jpg\",\"width\":1200,\"height\":215},{\"@type\":\"BreadcrumbList\",\"@id\":\"https:\\\/\\\/vogelgesang.saarland\\\/wordpress\\\/2023\\\/postfiliale\\\/#breadcrumb\",\"itemListElement\":[{\"@type\":\"ListItem\",\"position\":1,\"name\":\"Startseite\",\"item\":\"https:\\\/\\\/vogelgesang.saarland\\\/wordpress\\\/2023\\\/\"},{\"@type\":\"ListItem\",\"position\":2,\"name\":\"Postfiliale\"}]},{\"@type\":\"WebSite\",\"@id\":\"https:\\\/\\\/vogelgesang.saarland\\\/wordpress\\\/2023\\\/#website\",\"url\":\"https:\\\/\\\/vogelgesang.saarland\\\/wordpress\\\/2023\\\/\",\"name\":\"Vogelgesang\",\"description\":\"Ihr Spezialist f\u00fcr TV, Sat und Hausger\u00e4te\",\"publisher\":{\"@id\":\"https:\\\/\\\/vogelgesang.saarland\\\/wordpress\\\/2023\\\/#organization\"},\"potentialAction\":[{\"@type\":\"SearchAction\",\"target\":{\"@type\":\"EntryPoint\",\"urlTemplate\":\"https:\\\/\\\/vogelgesang.saarland\\\/wordpress\\\/2023\\\/?s={search_term_string}\"},\"query-input\":{\"@type\":\"PropertyValueSpecification\",\"valueRequired\":true,\"valueName\":\"search_term_string\"}}],\"inLanguage\":\"de\"},{\"@type\":\"Organization\",\"@id\":\"https:\\\/\\\/vogelgesang.saarland\\\/wordpress\\\/2023\\\/#organization\",\"name\":\"Vogelgesang\",\"url\":\"https:\\\/\\\/vogelgesang.saarland\\\/wordpress\\\/2023\\\/\",\"logo\":{\"@type\":\"ImageObject\",\"inLanguage\":\"de\",\"@id\":\"https:\\\/\\\/vogelgesang.saarland\\\/wordpress\\\/2023\\\/#\\\/schema\\\/logo\\\/image\\\/\",\"url\":\"https:\\\/\\\/vogelgesang.saarland\\\/wordpress\\\/2023\\\/wp-content\\\/uploads\\\/2022\\\/12\\\/Web_kopf_4.jpg\",\"contentUrl\":\"https:\\\/\\\/vogelgesang.saarland\\\/wordpress\\\/2023\\\/wp-content\\\/uploads\\\/2022\\\/12\\\/Web_kopf_4.jpg\",\"width\":1600,\"height\":255,\"caption\":\"Vogelgesang\"},\"image\":{\"@id\":\"https:\\\/\\\/vogelgesang.saarland\\\/wordpress\\\/2023\\\/#\\\/schema\\\/logo\\\/image\\\/\"},\"sameAs\":[\"https:\\\/\\\/www.facebook.com\\\/vogelgesang.tv\",\"https:\\\/\\\/www.instagram.com\\\/vogelgesang.tv\"]}]}<\/script>\n<!-- \/ Yoast SEO plugin. -->","yoast_head_json":{"title":"Postfiliale - Vogelgesang","description":"Die Postfiliale Ormesheim ist in unserem Gesch\u00e4ft integriert. R\u00e4umlichkeiten + Mitarbeiterinnen geh\u00f6ren ausschlie\u00dflich zur Firma Vogelgesang","robots":{"index":"index","follow":"follow","max-snippet":"max-snippet:-1","max-image-preview":"max-image-preview:large","max-video-preview":"max-video-preview:-1"},"canonical":"https:\/\/vogelgesang.saarland\/wordpress\/2023\/postfiliale\/","og_locale":"de_DE","og_type":"article","og_title":"Postfiliale - Vogelgesang","og_description":"Die Postfiliale Ormesheim ist in unserem Gesch\u00e4ft integriert. R\u00e4umlichkeiten + Mitarbeiterinnen geh\u00f6ren ausschlie\u00dflich zur Firma Vogelgesang","og_url":"https:\/\/vogelgesang.saarland\/wordpress\/2023\/postfiliale\/","og_site_name":"Vogelgesang","article_publisher":"https:\/\/www.facebook.com\/vogelgesang.tv","article_modified_time":"2025-07-14T22:03:16+00:00","og_image":[{"width":1200,"height":215,"url":"https:\/\/vogelgesang.saarland\/wordpress\/2023\/wp-content\/uploads\/2024\/03\/Kopf_Web.jpg","type":"image\/jpeg"}],"twitter_card":"summary_large_image","twitter_misc":{"Gesch\u00e4tzte Lesezeit":"1\u00a0Minute"},"schema":{"@context":"https:\/\/schema.org","@graph":[{"@type":"WebPage","@id":"https:\/\/vogelgesang.saarland\/wordpress\/2023\/postfiliale\/","url":"https:\/\/vogelgesang.saarland\/wordpress\/2023\/postfiliale\/","name":"Postfiliale - Vogelgesang","isPartOf":{"@id":"https:\/\/vogelgesang.saarland\/wordpress\/2023\/#website"},"primaryImageOfPage":{"@id":"https:\/\/vogelgesang.saarland\/wordpress\/2023\/postfiliale\/#primaryimage"},"image":{"@id":"https:\/\/vogelgesang.saarland\/wordpress\/2023\/postfiliale\/#primaryimage"},"thumbnailUrl":"https:\/\/vogelgesang.saarland\/wordpress\/2023\/wp-content\/uploads\/2024\/03\/Kopf_Web-1024x183.jpg","datePublished":"2024-03-23T19:31:45+00:00","dateModified":"2025-07-14T22:03:16+00:00","description":"Die Postfiliale Ormesheim ist in unserem Gesch\u00e4ft integriert. R\u00e4umlichkeiten + Mitarbeiterinnen geh\u00f6ren ausschlie\u00dflich zur Firma Vogelgesang","breadcrumb":{"@id":"https:\/\/vogelgesang.saarland\/wordpress\/2023\/postfiliale\/#breadcrumb"},"inLanguage":"de","potentialAction":[{"@type":"ReadAction","target":["https:\/\/vogelgesang.saarland\/wordpress\/2023\/postfiliale\/"]}]},{"@type":"ImageObject","inLanguage":"de","@id":"https:\/\/vogelgesang.saarland\/wordpress\/2023\/postfiliale\/#primaryimage","url":"https:\/\/vogelgesang.saarland\/wordpress\/2023\/wp-content\/uploads\/2024\/03\/Kopf_Web.jpg","contentUrl":"https:\/\/vogelgesang.saarland\/wordpress\/2023\/wp-content\/uploads\/2024\/03\/Kopf_Web.jpg","width":1200,"height":215},{"@type":"BreadcrumbList","@id":"https:\/\/vogelgesang.saarland\/wordpress\/2023\/postfiliale\/#breadcrumb","itemListElement":[{"@type":"ListItem","position":1,"name":"Startseite","item":"https:\/\/vogelgesang.saarland\/wordpress\/2023\/"},{"@type":"ListItem","position":2,"name":"Postfiliale"}]},{"@type":"WebSite","@id":"https:\/\/vogelgesang.saarland\/wordpress\/2023\/#website","url":"https:\/\/vogelgesang.saarland\/wordpress\/2023\/","name":"Vogelgesang","description":"Ihr Spezialist f\u00fcr TV, Sat und Hausger\u00e4te","publisher":{"@id":"https:\/\/vogelgesang.saarland\/wordpress\/2023\/#organization"},"potentialAction":[{"@type":"SearchAction","target":{"@type":"EntryPoint","urlTemplate":"https:\/\/vogelgesang.saarland\/wordpress\/2023\/?s={search_term_string}"},"query-input":{"@type":"PropertyValueSpecification","valueRequired":true,"valueName":"search_term_string"}}],"inLanguage":"de"},{"@type":"Organization","@id":"https:\/\/vogelgesang.saarland\/wordpress\/2023\/#organization","name":"Vogelgesang","url":"https:\/\/vogelgesang.saarland\/wordpress\/2023\/","logo":{"@type":"ImageObject","inLanguage":"de","@id":"https:\/\/vogelgesang.saarland\/wordpress\/2023\/#\/schema\/logo\/image\/","url":"https:\/\/vogelgesang.saarland\/wordpress\/2023\/wp-content\/uploads\/2022\/12\/Web_kopf_4.jpg","contentUrl":"https:\/\/vogelgesang.saarland\/wordpress\/2023\/wp-content\/uploads\/2022\/12\/Web_kopf_4.jpg","width":1600,"height":255,"caption":"Vogelgesang"},"image":{"@id":"https:\/\/vogelgesang.saarland\/wordpress\/2023\/#\/schema\/logo\/image\/"},"sameAs":["https:\/\/www.facebook.com\/vogelgesang.tv","https:\/\/www.instagram.com\/vogelgesang.tv"]}]}},"jetpack_sharing_enabled":true,"_links":{"self":[{"href":"https:\/\/vogelgesang.saarland\/wordpress\/2023\/wp-json\/wp\/v2\/pages\/269","targetHints":{"allow":["GET"]}}],"collection":[{"href":"https:\/\/vogelgesang.saarland\/wordpress\/2023\/wp-json\/wp\/v2\/pages"}],"about":[{"href":"https:\/\/vogelgesang.saarland\/wordpress\/2023\/wp-json\/wp\/v2\/types\/page"}],"author":[{"embeddable":true,"href":"https:\/\/vogelgesang.saarland\/wordpress\/2023\/wp-json\/wp\/v2\/users\/1"}],"replies":[{"embeddable":true,"href":"https:\/\/vogelgesang.saarland\/wordpress\/2023\/wp-json\/wp\/v2\/comments?post=269"}],"version-history":[{"count":7,"href":"https:\/\/vogelgesang.saarland\/wordpress\/2023\/wp-json\/wp\/v2\/pages\/269\/revisions"}],"predecessor-version":[{"id":351,"href":"https:\/\/vogelgesang.saarland\/wordpress\/2023\/wp-json\/wp\/v2\/pages\/269\/revisions\/351"}],"wp:attachment":[{"href":"https:\/\/vogelgesang.saarland\/wordpress\/2023\/wp-json\/wp\/v2\/media?parent=269"}],"curies":[{"name":"wp","href":"https:\/\/api.w.org\/{rel}","templated":true}]}}