{"id":27,"date":"2022-12-03T12:26:12","date_gmt":"2022-12-03T11:26:12","guid":{"rendered":"https:\/\/vogelgesang.saarland\/wordpress\/2023\/?page_id=27"},"modified":"2024-03-23T20:43:11","modified_gmt":"2024-03-23T19:43:11","slug":"sicherheit","status":"publish","type":"page","link":"https:\/\/vogelgesang.saarland\/wordpress\/2023\/sicherheit\/","title":{"rendered":"Sicherheit"},"content":{"rendered":"\n<h1 class=\"wp-block-heading has-background has-medium-font-size\" style=\"background-color:#fcd702\">Sicherheit<\/h1>\n\n\n\n<p>Wir m\u00f6chten, dass Sie sich zuhause sicher f\u00fchlen. <\/p>\n\n\n\n<p>Daf\u00fcr montieren wir eine Alarmanlage oder eine Video\u00fcberwachung. Das Ganze nat\u00fcrlich per App auch aus der Ferne zu \u00fcberwachen.<\/p>\n\n\n\n<figure class=\"wp-block-embed aligncenter is-type-video is-provider-youtube wp-block-embed-youtube wp-embed-aspect-16-9 wp-has-aspect-ratio\"><div class=\"wp-block-embed__wrapper\">\n<iframe loading=\"lazy\" title=\"Vogelgesang Radiospot\" width=\"1200\" height=\"675\" src=\"https:\/\/www.youtube.com\/embed\/n8VDqwxbMV0?feature=oembed\" frameborder=\"0\" allow=\"accelerometer; autoplay; clipboard-write; encrypted-media; gyroscope; picture-in-picture; web-share\" allowfullscreen><\/iframe>\n<\/div><\/figure>\n\n\n\n<p>Machen Sie einfach einen Vor-Ort-Termin mit uns und wir erarbeiten zusammen ihr passendes Sicherheitskonzept.<\/p>\n","protected":false},"excerpt":{"rendered":"<p>Sicherheit Wir m\u00f6chten, dass Sie sich zuhause sicher f\u00fchlen. Daf\u00fcr montieren wir eine Alarmanlage oder eine Video\u00fcberwachung. Das Ganze nat\u00fcrlich per App auch aus der Ferne zu \u00fcberwachen. Machen Sie einfach einen Vor-Ort-Termin mit uns und wir erarbeiten zusammen ihr passendes Sicherheitskonzept.<\/p>\n","protected":false},"author":1,"featured_media":0,"parent":0,"menu_order":50,"comment_status":"closed","ping_status":"closed","template":"","meta":{"generate_page_header":"","footnotes":""},"class_list":["post-27","page","type-page","status-publish"],"yoast_head":"<!-- This site is optimized with the Yoast SEO plugin v27.5 - https:\/\/yoast.com\/product\/yoast-seo-wordpress\/ -->\n<title>Sicherheit - Vogelgesang.saarland<\/title>\n<meta name=\"description\" content=\"Unter Sicherheit fallen Alarmanlagen oder Video\u00fcberwachung. Beides wird von uns mit Ihnen geplant und danach fachgerecht montiert.\" \/>\n<meta name=\"robots\" content=\"index, follow, max-snippet:-1, max-image-preview:large, max-video-preview:-1\" \/>\n<link rel=\"canonical\" href=\"https:\/\/vogelgesang.saarland\/wordpress\/2023\/sicherheit\/\" \/>\n<meta property=\"og:locale\" content=\"de_DE\" \/>\n<meta property=\"og:type\" content=\"article\" \/>\n<meta property=\"og:title\" content=\"Sicherheit - Vogelgesang.saarland\" \/>\n<meta property=\"og:description\" content=\"Unter Sicherheit fallen Alarmanlagen oder Video\u00fcberwachung. Beides wird von uns mit Ihnen geplant und danach fachgerecht montiert.\" \/>\n<meta property=\"og:url\" content=\"https:\/\/vogelgesang.saarland\/wordpress\/2023\/sicherheit\/\" \/>\n<meta property=\"og:site_name\" content=\"Vogelgesang\" \/>\n<meta property=\"article:publisher\" content=\"https:\/\/www.facebook.com\/vogelgesang.tv\" \/>\n<meta property=\"article:modified_time\" content=\"2024-03-23T19:43:11+00:00\" \/>\n<meta name=\"twitter:card\" content=\"summary_large_image\" \/>\n<meta name=\"twitter:label1\" content=\"Gesch\u00e4tzte Lesezeit\" \/>\n\t<meta name=\"twitter:data1\" content=\"1\u00a0Minute\" \/>\n<script type=\"application\/ld+json\" class=\"yoast-schema-graph\">{\"@context\":\"https:\\\/\\\/schema.org\",\"@graph\":[{\"@type\":\"WebPage\",\"@id\":\"https:\\\/\\\/vogelgesang.saarland\\\/wordpress\\\/2023\\\/sicherheit\\\/\",\"url\":\"https:\\\/\\\/vogelgesang.saarland\\\/wordpress\\\/2023\\\/sicherheit\\\/\",\"name\":\"Sicherheit - Vogelgesang.saarland\",\"isPartOf\":{\"@id\":\"https:\\\/\\\/vogelgesang.saarland\\\/wordpress\\\/2023\\\/#website\"},\"datePublished\":\"2022-12-03T11:26:12+00:00\",\"dateModified\":\"2024-03-23T19:43:11+00:00\",\"description\":\"Unter Sicherheit fallen Alarmanlagen oder Video\u00fcberwachung. Beides wird von uns mit Ihnen geplant und danach fachgerecht montiert.\",\"breadcrumb\":{\"@id\":\"https:\\\/\\\/vogelgesang.saarland\\\/wordpress\\\/2023\\\/sicherheit\\\/#breadcrumb\"},\"inLanguage\":\"de\",\"potentialAction\":[{\"@type\":\"ReadAction\",\"target\":[\"https:\\\/\\\/vogelgesang.saarland\\\/wordpress\\\/2023\\\/sicherheit\\\/\"]}]},{\"@type\":\"BreadcrumbList\",\"@id\":\"https:\\\/\\\/vogelgesang.saarland\\\/wordpress\\\/2023\\\/sicherheit\\\/#breadcrumb\",\"itemListElement\":[{\"@type\":\"ListItem\",\"position\":1,\"name\":\"Startseite\",\"item\":\"https:\\\/\\\/vogelgesang.saarland\\\/wordpress\\\/2023\\\/\"},{\"@type\":\"ListItem\",\"position\":2,\"name\":\"Sicherheit\"}]},{\"@type\":\"WebSite\",\"@id\":\"https:\\\/\\\/vogelgesang.saarland\\\/wordpress\\\/2023\\\/#website\",\"url\":\"https:\\\/\\\/vogelgesang.saarland\\\/wordpress\\\/2023\\\/\",\"name\":\"Vogelgesang\",\"description\":\"Ihr Spezialist f\u00fcr TV, Sat und Hausger\u00e4te\",\"publisher\":{\"@id\":\"https:\\\/\\\/vogelgesang.saarland\\\/wordpress\\\/2023\\\/#organization\"},\"potentialAction\":[{\"@type\":\"SearchAction\",\"target\":{\"@type\":\"EntryPoint\",\"urlTemplate\":\"https:\\\/\\\/vogelgesang.saarland\\\/wordpress\\\/2023\\\/?s={search_term_string}\"},\"query-input\":{\"@type\":\"PropertyValueSpecification\",\"valueRequired\":true,\"valueName\":\"search_term_string\"}}],\"inLanguage\":\"de\"},{\"@type\":\"Organization\",\"@id\":\"https:\\\/\\\/vogelgesang.saarland\\\/wordpress\\\/2023\\\/#organization\",\"name\":\"Vogelgesang\",\"url\":\"https:\\\/\\\/vogelgesang.saarland\\\/wordpress\\\/2023\\\/\",\"logo\":{\"@type\":\"ImageObject\",\"inLanguage\":\"de\",\"@id\":\"https:\\\/\\\/vogelgesang.saarland\\\/wordpress\\\/2023\\\/#\\\/schema\\\/logo\\\/image\\\/\",\"url\":\"https:\\\/\\\/vogelgesang.saarland\\\/wordpress\\\/2023\\\/wp-content\\\/uploads\\\/2022\\\/12\\\/Web_kopf_4.jpg\",\"contentUrl\":\"https:\\\/\\\/vogelgesang.saarland\\\/wordpress\\\/2023\\\/wp-content\\\/uploads\\\/2022\\\/12\\\/Web_kopf_4.jpg\",\"width\":1600,\"height\":255,\"caption\":\"Vogelgesang\"},\"image\":{\"@id\":\"https:\\\/\\\/vogelgesang.saarland\\\/wordpress\\\/2023\\\/#\\\/schema\\\/logo\\\/image\\\/\"},\"sameAs\":[\"https:\\\/\\\/www.facebook.com\\\/vogelgesang.tv\",\"https:\\\/\\\/www.instagram.com\\\/vogelgesang.tv\"]}]}<\/script>\n<!-- \/ Yoast SEO plugin. -->","yoast_head_json":{"title":"Sicherheit - Vogelgesang.saarland","description":"Unter Sicherheit fallen Alarmanlagen oder Video\u00fcberwachung. Beides wird von uns mit Ihnen geplant und danach fachgerecht montiert.","robots":{"index":"index","follow":"follow","max-snippet":"max-snippet:-1","max-image-preview":"max-image-preview:large","max-video-preview":"max-video-preview:-1"},"canonical":"https:\/\/vogelgesang.saarland\/wordpress\/2023\/sicherheit\/","og_locale":"de_DE","og_type":"article","og_title":"Sicherheit - Vogelgesang.saarland","og_description":"Unter Sicherheit fallen Alarmanlagen oder Video\u00fcberwachung. Beides wird von uns mit Ihnen geplant und danach fachgerecht montiert.","og_url":"https:\/\/vogelgesang.saarland\/wordpress\/2023\/sicherheit\/","og_site_name":"Vogelgesang","article_publisher":"https:\/\/www.facebook.com\/vogelgesang.tv","article_modified_time":"2024-03-23T19:43:11+00:00","twitter_card":"summary_large_image","twitter_misc":{"Gesch\u00e4tzte Lesezeit":"1\u00a0Minute"},"schema":{"@context":"https:\/\/schema.org","@graph":[{"@type":"WebPage","@id":"https:\/\/vogelgesang.saarland\/wordpress\/2023\/sicherheit\/","url":"https:\/\/vogelgesang.saarland\/wordpress\/2023\/sicherheit\/","name":"Sicherheit - Vogelgesang.saarland","isPartOf":{"@id":"https:\/\/vogelgesang.saarland\/wordpress\/2023\/#website"},"datePublished":"2022-12-03T11:26:12+00:00","dateModified":"2024-03-23T19:43:11+00:00","description":"Unter Sicherheit fallen Alarmanlagen oder Video\u00fcberwachung. Beides wird von uns mit Ihnen geplant und danach fachgerecht montiert.","breadcrumb":{"@id":"https:\/\/vogelgesang.saarland\/wordpress\/2023\/sicherheit\/#breadcrumb"},"inLanguage":"de","potentialAction":[{"@type":"ReadAction","target":["https:\/\/vogelgesang.saarland\/wordpress\/2023\/sicherheit\/"]}]},{"@type":"BreadcrumbList","@id":"https:\/\/vogelgesang.saarland\/wordpress\/2023\/sicherheit\/#breadcrumb","itemListElement":[{"@type":"ListItem","position":1,"name":"Startseite","item":"https:\/\/vogelgesang.saarland\/wordpress\/2023\/"},{"@type":"ListItem","position":2,"name":"Sicherheit"}]},{"@type":"WebSite","@id":"https:\/\/vogelgesang.saarland\/wordpress\/2023\/#website","url":"https:\/\/vogelgesang.saarland\/wordpress\/2023\/","name":"Vogelgesang","description":"Ihr Spezialist f\u00fcr TV, Sat und Hausger\u00e4te","publisher":{"@id":"https:\/\/vogelgesang.saarland\/wordpress\/2023\/#organization"},"potentialAction":[{"@type":"SearchAction","target":{"@type":"EntryPoint","urlTemplate":"https:\/\/vogelgesang.saarland\/wordpress\/2023\/?s={search_term_string}"},"query-input":{"@type":"PropertyValueSpecification","valueRequired":true,"valueName":"search_term_string"}}],"inLanguage":"de"},{"@type":"Organization","@id":"https:\/\/vogelgesang.saarland\/wordpress\/2023\/#organization","name":"Vogelgesang","url":"https:\/\/vogelgesang.saarland\/wordpress\/2023\/","logo":{"@type":"ImageObject","inLanguage":"de","@id":"https:\/\/vogelgesang.saarland\/wordpress\/2023\/#\/schema\/logo\/image\/","url":"https:\/\/vogelgesang.saarland\/wordpress\/2023\/wp-content\/uploads\/2022\/12\/Web_kopf_4.jpg","contentUrl":"https:\/\/vogelgesang.saarland\/wordpress\/2023\/wp-content\/uploads\/2022\/12\/Web_kopf_4.jpg","width":1600,"height":255,"caption":"Vogelgesang"},"image":{"@id":"https:\/\/vogelgesang.saarland\/wordpress\/2023\/#\/schema\/logo\/image\/"},"sameAs":["https:\/\/www.facebook.com\/vogelgesang.tv","https:\/\/www.instagram.com\/vogelgesang.tv"]}]}},"jetpack_sharing_enabled":true,"_links":{"self":[{"href":"https:\/\/vogelgesang.saarland\/wordpress\/2023\/wp-json\/wp\/v2\/pages\/27","targetHints":{"allow":["GET"]}}],"collection":[{"href":"https:\/\/vogelgesang.saarland\/wordpress\/2023\/wp-json\/wp\/v2\/pages"}],"about":[{"href":"https:\/\/vogelgesang.saarland\/wordpress\/2023\/wp-json\/wp\/v2\/types\/page"}],"author":[{"embeddable":true,"href":"https:\/\/vogelgesang.saarland\/wordpress\/2023\/wp-json\/wp\/v2\/users\/1"}],"replies":[{"embeddable":true,"href":"https:\/\/vogelgesang.saarland\/wordpress\/2023\/wp-json\/wp\/v2\/comments?post=27"}],"version-history":[{"count":6,"href":"https:\/\/vogelgesang.saarland\/wordpress\/2023\/wp-json\/wp\/v2\/pages\/27\/revisions"}],"predecessor-version":[{"id":282,"href":"https:\/\/vogelgesang.saarland\/wordpress\/2023\/wp-json\/wp\/v2\/pages\/27\/revisions\/282"}],"wp:attachment":[{"href":"https:\/\/vogelgesang.saarland\/wordpress\/2023\/wp-json\/wp\/v2\/media?parent=27"}],"curies":[{"name":"wp","href":"https:\/\/api.w.org\/{rel}","templated":true}]}}