{"id":66,"date":"2022-12-05T17:32:25","date_gmt":"2022-12-05T16:32:25","guid":{"rendered":"https:\/\/vogelgesang.saarland\/wordpress\/2023\/?page_id=66"},"modified":"2024-04-07T12:47:21","modified_gmt":"2024-04-07T10:47:21","slug":"impressum","status":"publish","type":"page","link":"https:\/\/vogelgesang.saarland\/wordpress\/2023\/impressum\/","title":{"rendered":"Impressum"},"content":{"rendered":"\n<h1 class=\"wp-block-heading has-background has-medium-font-size\" style=\"background-color:#fcd702\">Impressum<\/h1>\n\n\n\n<p>Vogelgesang &#8211; Ihr Technik Profi<br>Inhaber: Stefan Vogelgesang<\/p>\n\n\n\n<p>Adenauerstr. 62<br>66399 Ormesheim<\/p>\n\n\n\n<p>Telefon: 0 68 93 \/ 65 53<br>E-Mail: mail@vogelgesang.saarland<\/p>\n\n\n\n<p>Umsatzsteuer-Identifikationsnummer: DE138184757<\/p>\n\n\n\n<p>Fernsehtechnikermeister: Stefan Vogelgesang<\/p>\n\n\n\n<p>Die Berufsbezeichnung Fernsehtechnikermeister wurde in Deutschland verliehen.<\/p>\n\n\n\n<p>Erlaubnis nach Handwerksordnung Anlage A, zust\u00e4ndige Kammer und zugleich Aufsichtsbeh\u00f6rde:<br>Handwerkskammer des Saarlandes<br>Hohenzollernstra\u00dfe 47-49<br>66117 Saarbr\u00fccken<\/p>\n\n\n\n<p>Berufsrechtliche Regelungen: Handwerksordnung,&nbsp;<a href=\"http:\/\/www.gesetze-im-internet.de\/bundesrecht\/hwo\/gesamt.pdf\">www.gesetze-im-internet.de\/bundesrecht\/hwo\/gesamt.pdf<\/a><\/p>\n\n\n\n<p>S\u00e4mtliche Links, die Sie auf der Seite finden, wurden von uns bei deren Aufnahme \u00fcberpr\u00fcft. Naturgem\u00e4\u00df haben wir keinen Einfluss auf die k\u00fcnftige Gestaltung und Inhalte der verkn\u00fcpften Seiten. Sollten Links nicht erreichbar, rechtswidrige Seiten \u00fcber die Hyperlinks aufrufbar oder in sonstiger Weise zu beanstanden sind, bitten wir um eine Mitteilung an mail@vogelgesang.saarland Wir werden uns dann umgehend um das Problem k\u00fcmmern.<\/p>\n\n\n\n<p>Dieses Elektrofachgesch\u00e4ft ist als Kommanditist eingetragener Gesellschafter der telering Marketing GmbH &amp; Co. KG in Mainz. Diese starke Kooperation und Gemeinschaft von \u00fcber 1700 IQ-Fachgesch\u00e4ften in Deutschland steht f\u00fcr N\u00e4he zum Kunden unter dem Leitbild: IQ &#8211; Immer Qualit\u00e4t!<\/p>\n\n\n\n<p><strong>Allgemeine Informationspflichten zur alternativen Streitbeilegung nach Art. 14 Abs. 1 ODR-VO und \u00a7 36 VSBG (Verbraucherstreitbeilegungsgesetz)<\/strong><\/p>\n\n\n\n<p>Die europ\u00e4ische Kommission stellt eine Plattform zur Online-Streitbelegung (OS) zur Verf\u00fcgung, die Sie unter dieser Adresse finden:&nbsp;<a href=\"http:\/\/ec.europa.eu\/consumers\/odr\/\" target=\"_blank\" rel=\"noreferrer noopener\">http:\/\/ec.europa.eu\/consumers\/odr\/<\/a>. Zur Teilnahme an einem Streitbeilegungsverfahren vor einer Verbraucherschlichtungsstelle sind wir nicht verpflichtet und auch nicht bereit.<\/p>\n","protected":false},"excerpt":{"rendered":"<p>Impressum Vogelgesang &#8211; Ihr Technik ProfiInhaber: Stefan Vogelgesang Adenauerstr. 6266399 Ormesheim Telefon: 0 68 93 \/ 65 53E-Mail: mail@vogelgesang.saarland Umsatzsteuer-Identifikationsnummer: DE138184757 Fernsehtechnikermeister: Stefan Vogelgesang Die Berufsbezeichnung Fernsehtechnikermeister wurde in Deutschland verliehen. Erlaubnis nach Handwerksordnung Anlage A, zust\u00e4ndige Kammer und zugleich Aufsichtsbeh\u00f6rde:Handwerkskammer des SaarlandesHohenzollernstra\u00dfe 47-4966117 Saarbr\u00fccken Berufsrechtliche Regelungen: Handwerksordnung,&nbsp;www.gesetze-im-internet.de\/bundesrecht\/hwo\/gesamt.pdf S\u00e4mtliche Links, die Sie auf der Seite &#8230; <a title=\"Impressum\" class=\"read-more\" href=\"https:\/\/vogelgesang.saarland\/wordpress\/2023\/impressum\/\" aria-label=\"Mehr Informationen \u00fcber Impressum\">Weiterlesen &#8230;<\/a><\/p>\n","protected":false},"author":1,"featured_media":0,"parent":0,"menu_order":150,"comment_status":"closed","ping_status":"closed","template":"","meta":{"generate_page_header":"","footnotes":""},"class_list":["post-66","page","type-page","status-publish"],"yoast_head":"<!-- This site is optimized with the Yoast SEO plugin v27.5 - https:\/\/yoast.com\/product\/yoast-seo-wordpress\/ -->\n<title>Impressum - Vogelgesang.saarland<\/title>\n<meta name=\"description\" content=\"Impressum, damit Sie wissen, mit wem Sie es zu tun haben und an wen Sie sich wenden k\u00f6nnen, wenn Sie es w\u00fcnschen.\" \/>\n<meta name=\"robots\" content=\"index, follow, max-snippet:-1, max-image-preview:large, max-video-preview:-1\" \/>\n<link rel=\"canonical\" href=\"https:\/\/vogelgesang.saarland\/wordpress\/2023\/impressum\/\" \/>\n<meta property=\"og:locale\" content=\"de_DE\" \/>\n<meta property=\"og:type\" content=\"article\" \/>\n<meta property=\"og:title\" content=\"Impressum - Vogelgesang.saarland\" \/>\n<meta property=\"og:description\" content=\"Impressum, damit Sie wissen, mit wem Sie es zu tun haben und an wen Sie sich wenden k\u00f6nnen, wenn Sie es w\u00fcnschen.\" \/>\n<meta property=\"og:url\" content=\"https:\/\/vogelgesang.saarland\/wordpress\/2023\/impressum\/\" \/>\n<meta property=\"og:site_name\" content=\"Vogelgesang\" \/>\n<meta property=\"article:publisher\" content=\"https:\/\/www.facebook.com\/vogelgesang.tv\" \/>\n<meta property=\"article:modified_time\" content=\"2024-04-07T10:47:21+00:00\" \/>\n<meta name=\"twitter:card\" content=\"summary_large_image\" \/>\n<meta name=\"twitter:label1\" content=\"Gesch\u00e4tzte Lesezeit\" \/>\n\t<meta name=\"twitter:data1\" content=\"2\u00a0Minuten\" \/>\n<script type=\"application\/ld+json\" class=\"yoast-schema-graph\">{\"@context\":\"https:\\\/\\\/schema.org\",\"@graph\":[{\"@type\":\"WebPage\",\"@id\":\"https:\\\/\\\/vogelgesang.saarland\\\/wordpress\\\/2023\\\/impressum\\\/\",\"url\":\"https:\\\/\\\/vogelgesang.saarland\\\/wordpress\\\/2023\\\/impressum\\\/\",\"name\":\"Impressum - Vogelgesang.saarland\",\"isPartOf\":{\"@id\":\"https:\\\/\\\/vogelgesang.saarland\\\/wordpress\\\/2023\\\/#website\"},\"datePublished\":\"2022-12-05T16:32:25+00:00\",\"dateModified\":\"2024-04-07T10:47:21+00:00\",\"description\":\"Impressum, damit Sie wissen, mit wem Sie es zu tun haben und an wen Sie sich wenden k\u00f6nnen, wenn Sie es w\u00fcnschen.\",\"breadcrumb\":{\"@id\":\"https:\\\/\\\/vogelgesang.saarland\\\/wordpress\\\/2023\\\/impressum\\\/#breadcrumb\"},\"inLanguage\":\"de\",\"potentialAction\":[{\"@type\":\"ReadAction\",\"target\":[\"https:\\\/\\\/vogelgesang.saarland\\\/wordpress\\\/2023\\\/impressum\\\/\"]}]},{\"@type\":\"BreadcrumbList\",\"@id\":\"https:\\\/\\\/vogelgesang.saarland\\\/wordpress\\\/2023\\\/impressum\\\/#breadcrumb\",\"itemListElement\":[{\"@type\":\"ListItem\",\"position\":1,\"name\":\"Startseite\",\"item\":\"https:\\\/\\\/vogelgesang.saarland\\\/wordpress\\\/2023\\\/\"},{\"@type\":\"ListItem\",\"position\":2,\"name\":\"Impressum\"}]},{\"@type\":\"WebSite\",\"@id\":\"https:\\\/\\\/vogelgesang.saarland\\\/wordpress\\\/2023\\\/#website\",\"url\":\"https:\\\/\\\/vogelgesang.saarland\\\/wordpress\\\/2023\\\/\",\"name\":\"Vogelgesang\",\"description\":\"Ihr Spezialist f\u00fcr TV, Sat und Hausger\u00e4te\",\"publisher\":{\"@id\":\"https:\\\/\\\/vogelgesang.saarland\\\/wordpress\\\/2023\\\/#organization\"},\"potentialAction\":[{\"@type\":\"SearchAction\",\"target\":{\"@type\":\"EntryPoint\",\"urlTemplate\":\"https:\\\/\\\/vogelgesang.saarland\\\/wordpress\\\/2023\\\/?s={search_term_string}\"},\"query-input\":{\"@type\":\"PropertyValueSpecification\",\"valueRequired\":true,\"valueName\":\"search_term_string\"}}],\"inLanguage\":\"de\"},{\"@type\":\"Organization\",\"@id\":\"https:\\\/\\\/vogelgesang.saarland\\\/wordpress\\\/2023\\\/#organization\",\"name\":\"Vogelgesang\",\"url\":\"https:\\\/\\\/vogelgesang.saarland\\\/wordpress\\\/2023\\\/\",\"logo\":{\"@type\":\"ImageObject\",\"inLanguage\":\"de\",\"@id\":\"https:\\\/\\\/vogelgesang.saarland\\\/wordpress\\\/2023\\\/#\\\/schema\\\/logo\\\/image\\\/\",\"url\":\"https:\\\/\\\/vogelgesang.saarland\\\/wordpress\\\/2023\\\/wp-content\\\/uploads\\\/2022\\\/12\\\/Web_kopf_4.jpg\",\"contentUrl\":\"https:\\\/\\\/vogelgesang.saarland\\\/wordpress\\\/2023\\\/wp-content\\\/uploads\\\/2022\\\/12\\\/Web_kopf_4.jpg\",\"width\":1600,\"height\":255,\"caption\":\"Vogelgesang\"},\"image\":{\"@id\":\"https:\\\/\\\/vogelgesang.saarland\\\/wordpress\\\/2023\\\/#\\\/schema\\\/logo\\\/image\\\/\"},\"sameAs\":[\"https:\\\/\\\/www.facebook.com\\\/vogelgesang.tv\",\"https:\\\/\\\/www.instagram.com\\\/vogelgesang.tv\"]}]}<\/script>\n<!-- \/ Yoast SEO plugin. -->","yoast_head_json":{"title":"Impressum - Vogelgesang.saarland","description":"Impressum, damit Sie wissen, mit wem Sie es zu tun haben und an wen Sie sich wenden k\u00f6nnen, wenn Sie es w\u00fcnschen.","robots":{"index":"index","follow":"follow","max-snippet":"max-snippet:-1","max-image-preview":"max-image-preview:large","max-video-preview":"max-video-preview:-1"},"canonical":"https:\/\/vogelgesang.saarland\/wordpress\/2023\/impressum\/","og_locale":"de_DE","og_type":"article","og_title":"Impressum - Vogelgesang.saarland","og_description":"Impressum, damit Sie wissen, mit wem Sie es zu tun haben und an wen Sie sich wenden k\u00f6nnen, wenn Sie es w\u00fcnschen.","og_url":"https:\/\/vogelgesang.saarland\/wordpress\/2023\/impressum\/","og_site_name":"Vogelgesang","article_publisher":"https:\/\/www.facebook.com\/vogelgesang.tv","article_modified_time":"2024-04-07T10:47:21+00:00","twitter_card":"summary_large_image","twitter_misc":{"Gesch\u00e4tzte Lesezeit":"2\u00a0Minuten"},"schema":{"@context":"https:\/\/schema.org","@graph":[{"@type":"WebPage","@id":"https:\/\/vogelgesang.saarland\/wordpress\/2023\/impressum\/","url":"https:\/\/vogelgesang.saarland\/wordpress\/2023\/impressum\/","name":"Impressum - Vogelgesang.saarland","isPartOf":{"@id":"https:\/\/vogelgesang.saarland\/wordpress\/2023\/#website"},"datePublished":"2022-12-05T16:32:25+00:00","dateModified":"2024-04-07T10:47:21+00:00","description":"Impressum, damit Sie wissen, mit wem Sie es zu tun haben und an wen Sie sich wenden k\u00f6nnen, wenn Sie es w\u00fcnschen.","breadcrumb":{"@id":"https:\/\/vogelgesang.saarland\/wordpress\/2023\/impressum\/#breadcrumb"},"inLanguage":"de","potentialAction":[{"@type":"ReadAction","target":["https:\/\/vogelgesang.saarland\/wordpress\/2023\/impressum\/"]}]},{"@type":"BreadcrumbList","@id":"https:\/\/vogelgesang.saarland\/wordpress\/2023\/impressum\/#breadcrumb","itemListElement":[{"@type":"ListItem","position":1,"name":"Startseite","item":"https:\/\/vogelgesang.saarland\/wordpress\/2023\/"},{"@type":"ListItem","position":2,"name":"Impressum"}]},{"@type":"WebSite","@id":"https:\/\/vogelgesang.saarland\/wordpress\/2023\/#website","url":"https:\/\/vogelgesang.saarland\/wordpress\/2023\/","name":"Vogelgesang","description":"Ihr Spezialist f\u00fcr TV, Sat und Hausger\u00e4te","publisher":{"@id":"https:\/\/vogelgesang.saarland\/wordpress\/2023\/#organization"},"potentialAction":[{"@type":"SearchAction","target":{"@type":"EntryPoint","urlTemplate":"https:\/\/vogelgesang.saarland\/wordpress\/2023\/?s={search_term_string}"},"query-input":{"@type":"PropertyValueSpecification","valueRequired":true,"valueName":"search_term_string"}}],"inLanguage":"de"},{"@type":"Organization","@id":"https:\/\/vogelgesang.saarland\/wordpress\/2023\/#organization","name":"Vogelgesang","url":"https:\/\/vogelgesang.saarland\/wordpress\/2023\/","logo":{"@type":"ImageObject","inLanguage":"de","@id":"https:\/\/vogelgesang.saarland\/wordpress\/2023\/#\/schema\/logo\/image\/","url":"https:\/\/vogelgesang.saarland\/wordpress\/2023\/wp-content\/uploads\/2022\/12\/Web_kopf_4.jpg","contentUrl":"https:\/\/vogelgesang.saarland\/wordpress\/2023\/wp-content\/uploads\/2022\/12\/Web_kopf_4.jpg","width":1600,"height":255,"caption":"Vogelgesang"},"image":{"@id":"https:\/\/vogelgesang.saarland\/wordpress\/2023\/#\/schema\/logo\/image\/"},"sameAs":["https:\/\/www.facebook.com\/vogelgesang.tv","https:\/\/www.instagram.com\/vogelgesang.tv"]}]}},"jetpack_sharing_enabled":true,"_links":{"self":[{"href":"https:\/\/vogelgesang.saarland\/wordpress\/2023\/wp-json\/wp\/v2\/pages\/66","targetHints":{"allow":["GET"]}}],"collection":[{"href":"https:\/\/vogelgesang.saarland\/wordpress\/2023\/wp-json\/wp\/v2\/pages"}],"about":[{"href":"https:\/\/vogelgesang.saarland\/wordpress\/2023\/wp-json\/wp\/v2\/types\/page"}],"author":[{"embeddable":true,"href":"https:\/\/vogelgesang.saarland\/wordpress\/2023\/wp-json\/wp\/v2\/users\/1"}],"replies":[{"embeddable":true,"href":"https:\/\/vogelgesang.saarland\/wordpress\/2023\/wp-json\/wp\/v2\/comments?post=66"}],"version-history":[{"count":9,"href":"https:\/\/vogelgesang.saarland\/wordpress\/2023\/wp-json\/wp\/v2\/pages\/66\/revisions"}],"predecessor-version":[{"id":310,"href":"https:\/\/vogelgesang.saarland\/wordpress\/2023\/wp-json\/wp\/v2\/pages\/66\/revisions\/310"}],"wp:attachment":[{"href":"https:\/\/vogelgesang.saarland\/wordpress\/2023\/wp-json\/wp\/v2\/media?parent=66"}],"curies":[{"name":"wp","href":"https:\/\/api.w.org\/{rel}","templated":true}]}}