{"id":68,"date":"2022-12-05T17:32:40","date_gmt":"2022-12-05T16:32:40","guid":{"rendered":"https:\/\/vogelgesang.saarland\/wordpress\/2023\/?page_id=68"},"modified":"2024-04-07T12:47:02","modified_gmt":"2024-04-07T10:47:02","slug":"datenschutz","status":"publish","type":"page","link":"https:\/\/vogelgesang.saarland\/wordpress\/2023\/datenschutz\/","title":{"rendered":"Datenschutz"},"content":{"rendered":"\n<h1 class=\"wp-block-heading has-background has-medium-font-size\" style=\"background-color:#fcd702\"><strong>Datenschutzerkl\u00e4rung<\/strong><\/h1>\n\n\n\n<h4 class=\"wp-block-heading\"><strong>Datenschutz<\/strong><\/h4>\n\n\n\n<p>Die Betreiber dieser Seiten nehmen den Schutz Ihrer pers\u00f6nlichen Daten sehr ernst. Wir behandeln Ihre personenbezogenen Daten vertraulich und entsprechend der gesetzlichen Datenschutzvorschriften sowie dieser Datenschutzerkl\u00e4rung.<\/p>\n\n\n\n<p>Die Nutzung unserer Website ist in der Regel ohne Angabe personenbezogener Daten m\u00f6glich. Soweit auf unseren Seiten personenbezogene Daten (beispielsweise Name, Anschrift oder E-Mail-Adressen) erhoben werden, erfolgt dies, soweit m\u00f6glich, stets auf freiwilliger Basis. Diese Daten werden ohne Ihre ausdr\u00fcckliche Zustimmung nicht an Dritte weitergegeben.<\/p>\n\n\n\n<p>Wir weisen darauf hin, dass die Daten\u00fcbertragung im Internet (z.B. bei der Kommunikation per E-Mail) Sicherheitsl\u00fccken aufweisen kann. Ein l\u00fcckenloser Schutz der Daten vor dem Zugriff durch Dritte ist nicht m\u00f6glich.<\/p>\n\n\n\n<h4 class=\"wp-block-heading\"><strong>Cookies<\/strong><\/h4>\n\n\n\n<p>Die Internetseiten verwenden teilweise so genannte Cookies. Cookies richten auf Ihrem Rechner keinen Schaden an und enthalten keine Viren. Cookies dienen dazu, unser Angebot nutzerfreundlicher, effektiver und sicherer zu machen. Cookies sind kleine Textdateien, die auf Ihrem Rechner abgelegt werden und die Ihr Browser speichert.<\/p>\n\n\n\n<p>Die meisten der von uns verwendeten Cookies sind so genannte \u201eSession-Cookies\u201c. Sie werden nach Ende Ihres Besuchs automatisch gel\u00f6scht. Andere Cookies bleiben auf Ihrem Endger\u00e4t gespeichert, bis Sie diese l\u00f6schen. Diese Cookies erm\u00f6glichen es uns, Ihren Browser beim n\u00e4chsten Besuch wiederzuerkennen.<\/p>\n\n\n\n<p>Sie k\u00f6nnen Ihren Browser so einstellen, dass Sie \u00fcber das Setzen von Cookies informiert werden und Cookies nur im Einzelfall erlauben, die Annahme von Cookies f\u00fcr bestimmte F\u00e4lle oder generell ausschlie\u00dfen sowie das automatische L\u00f6schen der Cookies beim Schlie\u00dfen des Browser aktivieren. Bei der Deaktivierung von Cookies kann die Funktionalit\u00e4t dieser Website eingeschr\u00e4nkt sein.<\/p>\n\n\n\n<h4 class=\"wp-block-heading\"><strong>Server-Log-Files<\/strong><\/h4>\n\n\n\n<p>Der Provider der Seiten erhebt und speichert automatisch Informationen in so genannten Server-Log Files, die Ihr Browser automatisch an uns \u00fcbermittelt. Dies sind:<\/p>\n\n\n\n<ul class=\"wp-block-list\">\n<li>Browsertyp und Browserversion<\/li>\n\n\n\n<li>verwendetes Betriebssystem<\/li>\n\n\n\n<li>Referrer URL<\/li>\n\n\n\n<li>Hostname des zugreifenden Rechners<\/li>\n\n\n\n<li>Uhrzeit der Serveranfrage<\/li>\n<\/ul>\n\n\n\n<p>Diese Daten sind nicht bestimmten Personen zuordenbar. Eine Zusammenf\u00fchrung dieser Daten mit anderen Datenquellen wird nicht vorgenommen. Wir behalten uns vor, diese Daten nachtr\u00e4glich zu pr\u00fcfen, wenn uns konkrete Anhaltspunkte f\u00fcr eine rechtswidrige Nutzung bekannt werden.<\/p>\n\n\n\n<h4 class=\"wp-block-heading\"><strong>Kontaktformular<\/strong><\/h4>\n\n\n\n<p>Wenn Sie uns per Kontaktformular Anfragen zukommen lassen, werden Ihre Angaben aus dem Anfrageformular inklusive der von Ihnen dort angegebenen Kontaktdaten zwecks Bearbeitung der Anfrage und f\u00fcr den Fall von Anschlussfragen bei uns gespeichert. Diese Daten geben wir nicht ohne Ihre Einwilligung weiter.<\/p>\n\n\n\n<h4 class=\"wp-block-heading\"><strong>SSL-Verschl\u00fcsselung<\/strong><\/h4>\n\n\n\n<p>Diese Seite nutzt aus Gr\u00fcnden der Sicherheit und zum Schutz der \u00dcbertragung vertraulicher Inhalte, wie zum Beispiel der Anfragen, die Sie an uns als Seitenbetreiber senden, eine SSL-Verschl\u00fcsselung. Eine verschl\u00fcsselte Verbindung erkennen Sie daran, dass die Adresszeile des Browsers von \u201ehttp:\/\/\u201c auf \u201ehttps:\/\/\u201c wechselt und an dem Schloss-Symbol in Ihrer Browserzeile.<\/p>\n\n\n\n<p>Wenn die SSL Verschl\u00fcsselung aktiviert ist, k\u00f6nnen die Daten, die Sie an uns \u00fcbermitteln, nicht von Dritten mitgelesen werden.<\/p>\n\n\n\n<h4 class=\"wp-block-heading\"><strong>Widerspruch Werbe-Mails<\/strong><\/h4>\n\n\n\n<p>Der Nutzung von im Rahmen der Impressumspflicht ver\u00f6ffentlichten Kontaktdaten zur \u00dcbersendung von nicht ausdr\u00fccklich angeorderter Werbung und Informationsmaterialien wird hiermit widersprochen. Die Betreiber der Seiten behalten sich ausdr\u00fccklich rechtliche Schritte im Falle der unverlangten Zusendung von Werbeinformationen, etwa durch Spam-E-Mails, vor.<\/p>\n\n\n\n<h4 class=\"wp-block-heading\"><strong>Bestellungen \u00fcber INNOBE<\/strong><\/h4>\n\n\n\n<p>Auf unserer Website ist ein sogenanntes &#8222;Widget&#8220; zur Durchf\u00fchrung von Bestellungen \u00fcber die INNOBE Shopping Engine eingebunden. Anbieter des Dienstes ist die DEHA Consumer Electronics GmbH &amp; Co. KG, Weilimdorfer Str. 74\/2, 70839 Gerlingen (&#8222;DEHA CE&#8220;).<\/p>\n\n\n\n<p>Ausf\u00fchrliche Informationen zu einem bestimmten Produkt k\u00f6nnen Sie aufrufen, indem Sie in dem Widget auf den Link &#8222;Details&#8220; klicken. Dadurch \u00f6ffnet sich ein neues Browser-Fenster mit der entsprechenden Produktinformationsseite in der INNOBE Shopping Engine (https:\/\/www.innobe.de\/&#8230;). Verantwortlich f\u00fcr die Datenverarbeitung zur Bereitstellung der Produktinformationsseite ist DEHA CE.<\/p>\n\n\n\n<p>Wenn Sie bei uns \u00fcber das Widget ein bestimmtes Produkt kaufen m\u00f6chten und auf den Link &#8222;Kaufen&#8220; klicken, werden Sie in unseren Bestellablauf in der INNOBE Shopping Engine weitergeleitet. Ungeachtet der Weiterleitung auf https:\/\/www.shopping-engine.de, sind wir verantwortlich f\u00fcr die Bereitstellung des Warenkorbs sowie die Durchf\u00fchrung des Bestellablaufs.<\/p>\n\n\n\n<p>Im Rahmen des Bestellablaufs werden die als &#8222;Pflichtangaben&#8220; gekennzeichneten Daten erhoben. Mit den &#8222;Pflichtangaben&#8220; erheben wir die Daten, die zur Abwicklung der Bestellung erforderlich sind (Art. 6 Abs. 1 S. 1 lit. b DSGVO). Nat\u00fcrlich k\u00f6nnen Sie uns, wenn Sie m\u00f6chten, weitere Daten bereitstellen (Art. 6 Abs. 1 S. 1 lit. a DSGVO).<\/p>\n\n\n\n<p>Um die Warenkorbfunktion und die Durchf\u00fchrung des Bestellablaufs technisch zu erm\u00f6glichen, ist es unbedingt erforderlich, dass diese Cookies auf Ihrem Endger\u00e4t gespeichert werden (\u00a7 25 Abs. 2 Nr. 2 TTDSG):<\/p>\n\n\n\n<p>\u2022XSRF-TOKEN: (Funktionsbeschreibung: Token zur Sicherheit im Formularablauf des Checkouts); die Speicherdauer betr\u00e4gt eine Stunde, DEHA CE erh\u00e4lt in unserem Auftrag Zugriff auf verarbeitete Daten.<\/p>\n\n\n\n<p>\u2022shopping_engine_session: (Funktionsbeschreibung: Speicherung des Warenkorbs f\u00fcr den Checkout); das Cookie wird nach Ablauf der Sitzung gel\u00f6scht; DEHA CE erh\u00e4lt in unserem Auftrag Zugriff auf verarbeitete Daten.<\/p>\n\n\n\n<p>Das Hosting der INNOBE Shopping Engine (Widget auf unserer Website sowie Warenkorb und Bestellablauf auf https:\/\/www.shopping-engine.de\/&#8230;) sowie Ihrer Bestelldaten erfolgt in unserem Auftrag durch den weisungsgebundenen Auftragsverarbeiter DEHA CE.<\/p>\n\n\n\n<p>Weitere Informationen zur Datenverarbeitung durch DEHA CE erhalten Sie unter&nbsp;<a href=\"https:\/\/www.innobe.de\/datenschutz\/\" target=\"_blank\" rel=\"noreferrer noopener\">https:\/\/www.innobe.de\/datenschutz<\/a>.<\/p>\n\n\n\n<h4 class=\"wp-block-heading\"><strong>Zahlungsabwicklung \u00fcber Stripe, Daten\u00fcbermittlung in die USA<\/strong><\/h4>\n\n\n\n<p>Die Bezahlung einer Bestellung \u00fcber die INNOBE Shopping Engine kann \u00fcber den Dienst Stripe abgewickelt werden. Anbieter des Dienstes ist die Stripe, Inc., 354 Oyster Point Blvd South, San Francisco, CA 94080, USA (&#8222;Stripe&#8220;). Die Datenverarbeitung durch den Dienst erfolgt nur, nachdem Sie hierzu eingewilligt haben (Art. 6 Abs. 1 S. 1 lit. a DSGVO).<\/p>\n\n\n\n<p>Falls Sie \u00fcber den Dienst eine Zahlung t\u00e4tigen, werden alle Transaktionsdaten (z. B. Zahlungsmittel, Zahlbetrag, Datum und Uhrzeit) gegen\u00fcber Stripe offengelegt. Zudem werden gegen\u00fcber Stripe zur Erstellung Ihrer Rechnung der angegebene Name sowie die angegebene Rechnungsadresse offengelegt.<\/p>\n\n\n\n<p>In unserem Auftrag verarbeitet Stripe die erhobenen Daten, um Zahlungsvorg\u00e4nge sicher zu gestalten, uns vor m\u00f6glichen Betrugsf\u00e4llen zu sch\u00fctzen und Ihnen Ihre Rechnung zur Verf\u00fcgung zu stellen.<\/p>\n\n\n\n<p><strong>Wenn Sie in die Datenverarbeitung durch Stripe einwilligen, kann nicht ausgeschlossen werden, dass die zu Ihrer Person verarbeiteten Daten in den USA gespeichert werden und US-Beh\u00f6rden uneingeschr\u00e4nkten Zugriff auf diese Daten nehmen. Hiergegen steht Ihnen auch kein Rechtsweg offen.<\/strong><\/p>\n\n\n\n<p>Zur Absicherung der \u00dcbermittlung personenbezogener Daten in die USA haben wir Standarddatenschutzklauseln gem\u00e4\u00df Art. 46 Abs. 2 lit. c DSGVO (&#8222;SCC&#8220;) mit Stripe vereinbart. Eine Drittland\u00fcbermittlung auf Grundlage von SCC sollte allerdings nur erfolgen, sofern die Vereinbarungen von Anbietern im Drittland auch tats\u00e4chlich eingehalten werden k\u00f6nnen. Dies w\u00fcrde insbesondere voraussetzen, dass ein uneingeschr\u00e4nkter Zugriff von US-Beh\u00f6rden auf die Daten ausgeschlossen werden kann, was nach aktuellem Kenntnisstand nicht der Fall ist. Stripe gibt allerdings an, die Vereinbarungen einzuhalten und alles f\u00fcr die Absicherung der Drittland\u00fcbermittlung zu tun.<\/p>\n\n\n\n<p>Obwohl wir mit Stripe die SCC abgeschlossen haben, wird Stripe dennoch nur mit Ihrer vorherigen ausdr\u00fccklichen Einwilligung eingebunden. Zudem wird wegen der Risiken einer Daten\u00fcbermittlung an Stripe ausdr\u00fccklich auf Folgendes hingewiesen:<\/p>\n\n\n\n<p>Aufgrund der Befugnisse der US-Geheimdienste und der Rechtslage in den USA sind die staatlichen \u00dcberwachungsma\u00dfnahmen der USA unverh\u00e4ltnism\u00e4\u00dfig und es besteht aus Sicht der EU f\u00fcr personenbezogene Daten kein angemessenes staatliches Datenschutzniveau. Insbesondere sieht Sec. 702 des US-amerikanischen Foreign Intelligence Surveillance Act (FISA) keine Beschr\u00e4nkungen der \u00dcberwachungsma\u00dfnahmen der Geheimdienste und keine Garantien f\u00fcr Nicht-US-B\u00fcrger vor. Die Presidential Policy Directive 28 (PPD-28) gibt den Betroffenen dar\u00fcber hinaus keine wirksamen Rechtsbehelfe gegen Ma\u00dfnahmen der US-Beh\u00f6rden und sieht keine Schranken f\u00fcr die Sicherstellung verh\u00e4ltnism\u00e4\u00dfiger Ma\u00dfnahmen vor. Zudem k\u00f6nnen US-Beh\u00f6rden auf Grundlage des US-amerikanischen Cloud Act von einem US-Unternehmen die Herausgabe s\u00e4mtlicher gespeicherter Daten verlangen, selbst wenn sich diese Daten auf Servern innerhalb der EU befinden.<\/p>\n\n\n\n<p>Weitere Informationen zur Datenverarbeitung durch Stripe erhalten Sie unter:&nbsp;<a href=\"https:\/\/stripe.com\/de\/privacy\" target=\"_blank\" rel=\"noreferrer noopener\">https:\/\/stripe.com\/de\/privacy<\/a>.<\/p>\n","protected":false},"excerpt":{"rendered":"<p>Datenschutzerkl\u00e4rung Datenschutz Die Betreiber dieser Seiten nehmen den Schutz Ihrer pers\u00f6nlichen Daten sehr ernst. Wir behandeln Ihre personenbezogenen Daten vertraulich und entsprechend der gesetzlichen Datenschutzvorschriften sowie dieser Datenschutzerkl\u00e4rung. Die Nutzung unserer Website ist in der Regel ohne Angabe personenbezogener Daten m\u00f6glich. Soweit auf unseren Seiten personenbezogene Daten (beispielsweise Name, Anschrift oder E-Mail-Adressen) erhoben werden, erfolgt &#8230; <a title=\"Datenschutz\" class=\"read-more\" href=\"https:\/\/vogelgesang.saarland\/wordpress\/2023\/datenschutz\/\" aria-label=\"Mehr Informationen \u00fcber Datenschutz\">Weiterlesen &#8230;<\/a><\/p>\n","protected":false},"author":1,"featured_media":0,"parent":0,"menu_order":160,"comment_status":"closed","ping_status":"closed","template":"","meta":{"generate_page_header":"","footnotes":""},"class_list":["post-68","page","type-page","status-publish"],"yoast_head":"<!-- This site is optimized with the Yoast SEO plugin v27.5 - https:\/\/yoast.com\/product\/yoast-seo-wordpress\/ -->\n<title>Datenschutz - Vogelgesang.saarland<\/title>\n<meta name=\"description\" content=\"Datenschutz ist zur Information an Sie und zu Ihrer Sicherheit. Wir halten uns streng an die entsprechenden Vorgaben.\" \/>\n<meta name=\"robots\" content=\"index, follow, max-snippet:-1, max-image-preview:large, max-video-preview:-1\" \/>\n<link rel=\"canonical\" href=\"https:\/\/vogelgesang.saarland\/wordpress\/2023\/datenschutz\/\" \/>\n<meta property=\"og:locale\" content=\"de_DE\" \/>\n<meta property=\"og:type\" content=\"article\" \/>\n<meta property=\"og:title\" content=\"Datenschutz - Vogelgesang.saarland\" \/>\n<meta property=\"og:description\" content=\"Datenschutz ist zur Information an Sie und zu Ihrer Sicherheit. Wir halten uns streng an die entsprechenden Vorgaben.\" \/>\n<meta property=\"og:url\" content=\"https:\/\/vogelgesang.saarland\/wordpress\/2023\/datenschutz\/\" \/>\n<meta property=\"og:site_name\" content=\"Vogelgesang\" \/>\n<meta property=\"article:publisher\" content=\"https:\/\/www.facebook.com\/vogelgesang.tv\" \/>\n<meta property=\"article:modified_time\" content=\"2024-04-07T10:47:02+00:00\" \/>\n<meta name=\"twitter:card\" content=\"summary_large_image\" \/>\n<meta name=\"twitter:label1\" content=\"Gesch\u00e4tzte Lesezeit\" \/>\n\t<meta name=\"twitter:data1\" content=\"7\u00a0Minuten\" \/>\n<script type=\"application\/ld+json\" class=\"yoast-schema-graph\">{\"@context\":\"https:\\\/\\\/schema.org\",\"@graph\":[{\"@type\":\"WebPage\",\"@id\":\"https:\\\/\\\/vogelgesang.saarland\\\/wordpress\\\/2023\\\/datenschutz\\\/\",\"url\":\"https:\\\/\\\/vogelgesang.saarland\\\/wordpress\\\/2023\\\/datenschutz\\\/\",\"name\":\"Datenschutz - Vogelgesang.saarland\",\"isPartOf\":{\"@id\":\"https:\\\/\\\/vogelgesang.saarland\\\/wordpress\\\/2023\\\/#website\"},\"datePublished\":\"2022-12-05T16:32:40+00:00\",\"dateModified\":\"2024-04-07T10:47:02+00:00\",\"description\":\"Datenschutz ist zur Information an Sie und zu Ihrer Sicherheit. Wir halten uns streng an die entsprechenden Vorgaben.\",\"breadcrumb\":{\"@id\":\"https:\\\/\\\/vogelgesang.saarland\\\/wordpress\\\/2023\\\/datenschutz\\\/#breadcrumb\"},\"inLanguage\":\"de\",\"potentialAction\":[{\"@type\":\"ReadAction\",\"target\":[\"https:\\\/\\\/vogelgesang.saarland\\\/wordpress\\\/2023\\\/datenschutz\\\/\"]}]},{\"@type\":\"BreadcrumbList\",\"@id\":\"https:\\\/\\\/vogelgesang.saarland\\\/wordpress\\\/2023\\\/datenschutz\\\/#breadcrumb\",\"itemListElement\":[{\"@type\":\"ListItem\",\"position\":1,\"name\":\"Startseite\",\"item\":\"https:\\\/\\\/vogelgesang.saarland\\\/wordpress\\\/2023\\\/\"},{\"@type\":\"ListItem\",\"position\":2,\"name\":\"Datenschutz\"}]},{\"@type\":\"WebSite\",\"@id\":\"https:\\\/\\\/vogelgesang.saarland\\\/wordpress\\\/2023\\\/#website\",\"url\":\"https:\\\/\\\/vogelgesang.saarland\\\/wordpress\\\/2023\\\/\",\"name\":\"Vogelgesang\",\"description\":\"Ihr Spezialist f\u00fcr TV, Sat und Hausger\u00e4te\",\"publisher\":{\"@id\":\"https:\\\/\\\/vogelgesang.saarland\\\/wordpress\\\/2023\\\/#organization\"},\"potentialAction\":[{\"@type\":\"SearchAction\",\"target\":{\"@type\":\"EntryPoint\",\"urlTemplate\":\"https:\\\/\\\/vogelgesang.saarland\\\/wordpress\\\/2023\\\/?s={search_term_string}\"},\"query-input\":{\"@type\":\"PropertyValueSpecification\",\"valueRequired\":true,\"valueName\":\"search_term_string\"}}],\"inLanguage\":\"de\"},{\"@type\":\"Organization\",\"@id\":\"https:\\\/\\\/vogelgesang.saarland\\\/wordpress\\\/2023\\\/#organization\",\"name\":\"Vogelgesang\",\"url\":\"https:\\\/\\\/vogelgesang.saarland\\\/wordpress\\\/2023\\\/\",\"logo\":{\"@type\":\"ImageObject\",\"inLanguage\":\"de\",\"@id\":\"https:\\\/\\\/vogelgesang.saarland\\\/wordpress\\\/2023\\\/#\\\/schema\\\/logo\\\/image\\\/\",\"url\":\"https:\\\/\\\/vogelgesang.saarland\\\/wordpress\\\/2023\\\/wp-content\\\/uploads\\\/2022\\\/12\\\/Web_kopf_4.jpg\",\"contentUrl\":\"https:\\\/\\\/vogelgesang.saarland\\\/wordpress\\\/2023\\\/wp-content\\\/uploads\\\/2022\\\/12\\\/Web_kopf_4.jpg\",\"width\":1600,\"height\":255,\"caption\":\"Vogelgesang\"},\"image\":{\"@id\":\"https:\\\/\\\/vogelgesang.saarland\\\/wordpress\\\/2023\\\/#\\\/schema\\\/logo\\\/image\\\/\"},\"sameAs\":[\"https:\\\/\\\/www.facebook.com\\\/vogelgesang.tv\",\"https:\\\/\\\/www.instagram.com\\\/vogelgesang.tv\"]}]}<\/script>\n<!-- \/ Yoast SEO plugin. -->","yoast_head_json":{"title":"Datenschutz - Vogelgesang.saarland","description":"Datenschutz ist zur Information an Sie und zu Ihrer Sicherheit. Wir halten uns streng an die entsprechenden Vorgaben.","robots":{"index":"index","follow":"follow","max-snippet":"max-snippet:-1","max-image-preview":"max-image-preview:large","max-video-preview":"max-video-preview:-1"},"canonical":"https:\/\/vogelgesang.saarland\/wordpress\/2023\/datenschutz\/","og_locale":"de_DE","og_type":"article","og_title":"Datenschutz - Vogelgesang.saarland","og_description":"Datenschutz ist zur Information an Sie und zu Ihrer Sicherheit. Wir halten uns streng an die entsprechenden Vorgaben.","og_url":"https:\/\/vogelgesang.saarland\/wordpress\/2023\/datenschutz\/","og_site_name":"Vogelgesang","article_publisher":"https:\/\/www.facebook.com\/vogelgesang.tv","article_modified_time":"2024-04-07T10:47:02+00:00","twitter_card":"summary_large_image","twitter_misc":{"Gesch\u00e4tzte Lesezeit":"7\u00a0Minuten"},"schema":{"@context":"https:\/\/schema.org","@graph":[{"@type":"WebPage","@id":"https:\/\/vogelgesang.saarland\/wordpress\/2023\/datenschutz\/","url":"https:\/\/vogelgesang.saarland\/wordpress\/2023\/datenschutz\/","name":"Datenschutz - Vogelgesang.saarland","isPartOf":{"@id":"https:\/\/vogelgesang.saarland\/wordpress\/2023\/#website"},"datePublished":"2022-12-05T16:32:40+00:00","dateModified":"2024-04-07T10:47:02+00:00","description":"Datenschutz ist zur Information an Sie und zu Ihrer Sicherheit. Wir halten uns streng an die entsprechenden Vorgaben.","breadcrumb":{"@id":"https:\/\/vogelgesang.saarland\/wordpress\/2023\/datenschutz\/#breadcrumb"},"inLanguage":"de","potentialAction":[{"@type":"ReadAction","target":["https:\/\/vogelgesang.saarland\/wordpress\/2023\/datenschutz\/"]}]},{"@type":"BreadcrumbList","@id":"https:\/\/vogelgesang.saarland\/wordpress\/2023\/datenschutz\/#breadcrumb","itemListElement":[{"@type":"ListItem","position":1,"name":"Startseite","item":"https:\/\/vogelgesang.saarland\/wordpress\/2023\/"},{"@type":"ListItem","position":2,"name":"Datenschutz"}]},{"@type":"WebSite","@id":"https:\/\/vogelgesang.saarland\/wordpress\/2023\/#website","url":"https:\/\/vogelgesang.saarland\/wordpress\/2023\/","name":"Vogelgesang","description":"Ihr Spezialist f\u00fcr TV, Sat und Hausger\u00e4te","publisher":{"@id":"https:\/\/vogelgesang.saarland\/wordpress\/2023\/#organization"},"potentialAction":[{"@type":"SearchAction","target":{"@type":"EntryPoint","urlTemplate":"https:\/\/vogelgesang.saarland\/wordpress\/2023\/?s={search_term_string}"},"query-input":{"@type":"PropertyValueSpecification","valueRequired":true,"valueName":"search_term_string"}}],"inLanguage":"de"},{"@type":"Organization","@id":"https:\/\/vogelgesang.saarland\/wordpress\/2023\/#organization","name":"Vogelgesang","url":"https:\/\/vogelgesang.saarland\/wordpress\/2023\/","logo":{"@type":"ImageObject","inLanguage":"de","@id":"https:\/\/vogelgesang.saarland\/wordpress\/2023\/#\/schema\/logo\/image\/","url":"https:\/\/vogelgesang.saarland\/wordpress\/2023\/wp-content\/uploads\/2022\/12\/Web_kopf_4.jpg","contentUrl":"https:\/\/vogelgesang.saarland\/wordpress\/2023\/wp-content\/uploads\/2022\/12\/Web_kopf_4.jpg","width":1600,"height":255,"caption":"Vogelgesang"},"image":{"@id":"https:\/\/vogelgesang.saarland\/wordpress\/2023\/#\/schema\/logo\/image\/"},"sameAs":["https:\/\/www.facebook.com\/vogelgesang.tv","https:\/\/www.instagram.com\/vogelgesang.tv"]}]}},"jetpack_sharing_enabled":true,"_links":{"self":[{"href":"https:\/\/vogelgesang.saarland\/wordpress\/2023\/wp-json\/wp\/v2\/pages\/68","targetHints":{"allow":["GET"]}}],"collection":[{"href":"https:\/\/vogelgesang.saarland\/wordpress\/2023\/wp-json\/wp\/v2\/pages"}],"about":[{"href":"https:\/\/vogelgesang.saarland\/wordpress\/2023\/wp-json\/wp\/v2\/types\/page"}],"author":[{"embeddable":true,"href":"https:\/\/vogelgesang.saarland\/wordpress\/2023\/wp-json\/wp\/v2\/users\/1"}],"replies":[{"embeddable":true,"href":"https:\/\/vogelgesang.saarland\/wordpress\/2023\/wp-json\/wp\/v2\/comments?post=68"}],"version-history":[{"count":7,"href":"https:\/\/vogelgesang.saarland\/wordpress\/2023\/wp-json\/wp\/v2\/pages\/68\/revisions"}],"predecessor-version":[{"id":309,"href":"https:\/\/vogelgesang.saarland\/wordpress\/2023\/wp-json\/wp\/v2\/pages\/68\/revisions\/309"}],"wp:attachment":[{"href":"https:\/\/vogelgesang.saarland\/wordpress\/2023\/wp-json\/wp\/v2\/media?parent=68"}],"curies":[{"name":"wp","href":"https:\/\/api.w.org\/{rel}","templated":true}]}}